{"id":8117,"date":"2022-04-21T13:25:30","date_gmt":"2022-04-21T11:25:30","guid":{"rendered":"https:\/\/www.brottsofferjouren.se\/?page_id=8117"},"modified":"2023-07-20T15:48:05","modified_gmt":"2023-07-20T13:48:05","slug":"languages-we-offer-support-in","status":"publish","type":"page","link":"https:\/\/www.brottsofferjouren.se\/en\/victim-support\/stod-pa-eget-sprak-support-in-your-own-language\/languages-we-offer-support-in\/","title":{"rendered":"Languages we offer support in"},"content":{"rendered":"\n<figure class=\"wp-block-image size-large\"><img loading=\"lazy\" decoding=\"async\" width=\"1024\" height=\"683\" src=\"https:\/\/www.brottsofferjouren.se\/wp-content\/uploads\/2020\/12\/sca21245-1024x683.jpg\" alt=\"\" class=\"wp-image-2323\" srcset=\"https:\/\/www.brottsofferjouren.se\/wp-content\/uploads\/2020\/12\/sca21245-1024x683.jpg 1024w, https:\/\/www.brottsofferjouren.se\/wp-content\/uploads\/2020\/12\/sca21245-300x200.jpg 300w, https:\/\/www.brottsofferjouren.se\/wp-content\/uploads\/2020\/12\/sca21245-768x512.jpg 768w, https:\/\/www.brottsofferjouren.se\/wp-content\/uploads\/2020\/12\/sca21245-1536x1024.jpg 1536w, https:\/\/www.brottsofferjouren.se\/wp-content\/uploads\/2020\/12\/sca21245-2048x1365.jpg 2048w, https:\/\/www.brottsofferjouren.se\/wp-content\/uploads\/2020\/12\/sca21245-390x260.jpg 390w, https:\/\/www.brottsofferjouren.se\/wp-content\/uploads\/2020\/12\/sca21245-735x490.jpg 735w, https:\/\/www.brottsofferjouren.se\/wp-content\/uploads\/2020\/12\/sca21245-500x333.jpg 500w\" sizes=\"auto, (max-width: 1024px) 100vw, 1024px\" \/><\/figure>\n\n\n\n<p>Below you find a list of the languages we offer support in. <\/p>\n\n\n\n<p>If you would like to come in contact with a volunteer who speaks your language for support, please <a href=\"https:\/\/www.brottsofferjouren.se\/brottsofferstod\/stod-pa-eget-sprak\/\">fill  out the form on this page<\/a>.<\/p>\n\n\n\n<figure class=\"wp-block-table is-style-regular\"><table><tbody><tr><td><strong>Spr\u00e5k<\/strong><\/td><td><strong>Language<\/strong><\/td><\/tr><tr><td>Albanian<\/td><td><a href=\"https:\/\/www.brottsofferjouren.se\/wp-content\/uploads\/2022\/04\/Albanska-Sprakblad-2020.pdf\" target=\"_blank\" rel=\"noreferrer noopener\">Shqip<\/a><\/td><\/tr><tr><td>Arabic<\/td><td><a href=\"https:\/\/www.brottsofferjouren.se\/wp-content\/uploads\/2021\/02\/Arabiska-Sprakblad-2020.pdf\" target=\"_blank\" rel=\"noreferrer noopener\">\u0627\u0644\u0639\u0631\u0628\u064a\u0629<\/a><\/td><\/tr><tr><td>Bosnian<\/td><td><a href=\"https:\/\/www.brottsofferjouren.se\/wp-content\/uploads\/2020\/12\/Bosniska-BKS-Sprakblad-2020.pdf\" target=\"_blank\" rel=\"noreferrer noopener\">Bosanski<\/a><\/td><\/tr><tr><td>English<\/td><td><a href=\"https:\/\/www.brottsofferjouren.se\/wp-content\/uploads\/2020\/12\/Engelska-Sprakblad-2020.pdf\" target=\"_blank\" rel=\"noreferrer noopener\">English<\/a><\/td><\/tr><tr><td>Finnish<\/td><td><a href=\"https:\/\/www.brottsofferjouren.se\/wp-content\/uploads\/2020\/12\/Finska-Sprakblad-2020.pdf\" target=\"_blank\" rel=\"noreferrer noopener\">Suomi<\/a><\/td><\/tr><tr><td>Gujarati <\/td><td>\u0a97\u0ac1\u0a9c\u0ab0\u0abe\u0aa4\u0ac0<\/td><\/tr><tr><td>Hindi <\/td><td>\u0939\u093f\u0928\u094d\u0926\u0940<\/td><\/tr><tr><td>Croatian<\/td><td>Hrvatski<\/td><\/tr><tr><td>Luganda\/Ganda<\/td><td><\/td><\/tr><tr><td>Dutch<\/td><td>Nederlands<\/td><\/tr><tr><td>Persian <\/td><td>\u0641\u0627\u0631\u0633\u06cc<\/td><\/tr><tr><td>Polish<\/td><td>Polski<\/td><\/tr><tr><td>Portuguese<\/td><td><a href=\"https:\/\/www.brottsofferjouren.se\/wp-content\/uploads\/2020\/12\/Portugisiska-Sprakblad-20202.pdf\" target=\"_blank\" rel=\"noreferrer noopener\">Portugu\u00eas<\/a><\/td><\/tr><tr><td>Russian<\/td><td><a href=\"https:\/\/www.brottsofferjouren.se\/wp-content\/uploads\/2020\/12\/Ryska-Sprakblad-2020.pdf\" target=\"_blank\" rel=\"noreferrer noopener\">\u0420\u0443\u0441\u0441\u043a\u0438\u0439<\/a><\/td><\/tr><tr><td>Serbian<\/td><td>Srpski<\/td><\/tr><tr><td>Spanish<\/td><td><a href=\"https:\/\/www.brottsofferjouren.se\/wp-content\/uploads\/2020\/12\/Spanska-Sprakblad-2020.pdf\" target=\"_blank\" rel=\"noreferrer noopener\">Espa\u00f1ol<\/a><\/td><\/tr><tr><td>Swahili<\/td><td>Kiswahili<\/td><\/tr><tr><td>Swedish<\/td><td><a href=\"https:\/\/www.brottsofferjouren.se\/wp-content\/uploads\/2020\/12\/Svenska-Sprakblad-2020.pdf\" target=\"_blank\" rel=\"noreferrer noopener\">Svenska<\/a><\/td><\/tr><tr><td>Turkish<\/td><td><a href=\"https:\/\/www.brottsofferjouren.se\/wp-content\/uploads\/2020\/12\/Turkiska-Sprakblad-2020.pdf\" target=\"_blank\" rel=\"noreferrer noopener\">T\u00fcrk\u00e7e<\/a><\/td><\/tr><tr><td>Urdu<\/td><td>\u0909\u0930\u094d\u0926\u0942<\/td><\/tr><\/tbody><\/table><\/figure>\n","protected":false},"excerpt":{"rendered":"<p>Below you find a list of the languages we offer support in. If you would like to come in contact with a volunteer who speaks your language for support, please fill out the form on this page. Spr\u00e5kLanguageAlbanianShqipArabic\u0627\u0644\u0639\u0631\u0628\u064a\u0629BosnianBosanskiEnglishEnglishFinnishSuomiGujarati \u0a97\u0ac1\u0a9c\u0ab0\u0abe\u0aa4\u0ac0Hindi \u0939\u093f\u0928\u094d\u0926\u0940CroatianHrvatskiLuganda\/GandaDutchNederlandsPersian \u0641\u0627\u0631\u0633\u06ccPolishPolskiPortuguesePortugu\u00easRussian\u0420\u0443\u0441\u0441\u043a\u0438\u0439SerbianSrpskiSpanishEspa\u00f1olSwahiliKiswahiliSwedishSvenskaTurkishT\u00fcrk\u00e7eUrdu\u0909\u0930\u094d\u0926\u0942<\/p>\n","protected":false},"author":4,"featured_media":2323,"parent":2316,"menu_order":23,"comment_status":"closed","ping_status":"closed","template":"","meta":{"_acf_changed":false,"_relevanssi_hide_post":"","_relevanssi_hide_content":"","_relevanssi_pin_for_all":"","_relevanssi_pin_keywords":"","_relevanssi_unpin_keywords":"","_relevanssi_related_keywords":"","_relevanssi_related_include_ids":"","_relevanssi_related_exclude_ids":"","_relevanssi_related_no_append":"","_relevanssi_related_not_related":"","_relevanssi_related_posts":"2456,2452,2454","_relevanssi_noindex_reason":"","footnotes":""},"class_list":["post-8117","page","type-page","status-publish","has-post-thumbnail","hentry"],"acf":[],"yoast_head":"<!-- This site is optimized with the Yoast SEO plugin v27.4 - https:\/\/yoast.com\/product\/yoast-seo-wordpress\/ -->\n<title>Languages we offer support in - BOJ<\/title>\n<meta name=\"robots\" content=\"index, follow, max-snippet:-1, max-image-preview:large, max-video-preview:-1\" \/>\n<link rel=\"canonical\" href=\"https:\/\/www.brottsofferjouren.se\/en\/victim-support\/stod-pa-eget-sprak-support-in-your-own-language\/languages-we-offer-support-in\/\" \/>\n<meta property=\"og:locale\" content=\"en_US\" \/>\n<meta property=\"og:type\" content=\"article\" \/>\n<meta property=\"og:title\" content=\"Languages we offer support in - BOJ\" \/>\n<meta property=\"og:description\" content=\"Below you find a list of the languages we offer support in. If you would like to come in contact with a volunteer who speaks your language for support, please fill out the form on this page. Spr\u00e5kLanguageAlbanianShqipArabic\u0627\u0644\u0639\u0631\u0628\u064a\u0629BosnianBosanskiEnglishEnglishFinnishSuomiGujarati \u0a97\u0ac1\u0a9c\u0ab0\u0abe\u0aa4\u0ac0Hindi \u0939\u093f\u0928\u094d\u0926\u0940CroatianHrvatskiLuganda\/GandaDutchNederlandsPersian \u0641\u0627\u0631\u0633\u06ccPolishPolskiPortuguesePortugu\u00easRussian\u0420\u0443\u0441\u0441\u043a\u0438\u0439SerbianSrpskiSpanishEspa\u00f1olSwahiliKiswahiliSwedishSvenskaTurkishT\u00fcrk\u00e7eUrdu\u0909\u0930\u094d\u0926\u0942\" \/>\n<meta property=\"og:url\" content=\"https:\/\/www.brottsofferjouren.se\/en\/victim-support\/stod-pa-eget-sprak-support-in-your-own-language\/languages-we-offer-support-in\/\" \/>\n<meta property=\"og:site_name\" content=\"BOJ\" \/>\n<meta property=\"article:publisher\" content=\"https:\/\/www.facebook.com\/BrottsofferjourenSverige\/\" \/>\n<meta property=\"article:modified_time\" content=\"2023-07-20T13:48:05+00:00\" \/>\n<meta property=\"og:image\" content=\"https:\/\/www.brottsofferjouren.se\/wp-content\/uploads\/2020\/12\/sca21245-1024x683.jpg\" \/>\n\t<meta property=\"og:image:width\" content=\"1024\" \/>\n\t<meta property=\"og:image:height\" content=\"683\" \/>\n\t<meta property=\"og:image:type\" content=\"image\/jpeg\" \/>\n<meta name=\"twitter:card\" content=\"summary_large_image\" \/>\n<meta name=\"twitter:site\" content=\"@brottsofferjour\" \/>\n<meta name=\"twitter:label1\" content=\"Est. reading time\" \/>\n\t<meta name=\"twitter:data1\" content=\"1 minute\" \/>\n<script type=\"application\/ld+json\" class=\"yoast-schema-graph\">{\"@context\":\"https:\\\/\\\/schema.org\",\"@graph\":[{\"@type\":\"WebPage\",\"@id\":\"https:\\\/\\\/www.brottsofferjouren.se\\\/en\\\/victim-support\\\/stod-pa-eget-sprak-support-in-your-own-language\\\/languages-we-offer-support-in\\\/\",\"url\":\"https:\\\/\\\/www.brottsofferjouren.se\\\/en\\\/victim-support\\\/stod-pa-eget-sprak-support-in-your-own-language\\\/languages-we-offer-support-in\\\/\",\"name\":\"Languages we offer support in - BOJ\",\"isPartOf\":{\"@id\":\"https:\\\/\\\/www.brottsofferjouren.se\\\/#website\"},\"primaryImageOfPage\":{\"@id\":\"https:\\\/\\\/www.brottsofferjouren.se\\\/en\\\/victim-support\\\/stod-pa-eget-sprak-support-in-your-own-language\\\/languages-we-offer-support-in\\\/#primaryimage\"},\"image\":{\"@id\":\"https:\\\/\\\/www.brottsofferjouren.se\\\/en\\\/victim-support\\\/stod-pa-eget-sprak-support-in-your-own-language\\\/languages-we-offer-support-in\\\/#primaryimage\"},\"thumbnailUrl\":\"https:\\\/\\\/www.brottsofferjouren.se\\\/wp-content\\\/uploads\\\/2020\\\/12\\\/sca21245.jpg\",\"datePublished\":\"2022-04-21T11:25:30+00:00\",\"dateModified\":\"2023-07-20T13:48:05+00:00\",\"breadcrumb\":{\"@id\":\"https:\\\/\\\/www.brottsofferjouren.se\\\/en\\\/victim-support\\\/stod-pa-eget-sprak-support-in-your-own-language\\\/languages-we-offer-support-in\\\/#breadcrumb\"},\"inLanguage\":\"en-US\",\"potentialAction\":[{\"@type\":\"ReadAction\",\"target\":[\"https:\\\/\\\/www.brottsofferjouren.se\\\/en\\\/victim-support\\\/stod-pa-eget-sprak-support-in-your-own-language\\\/languages-we-offer-support-in\\\/\"]}]},{\"@type\":\"ImageObject\",\"inLanguage\":\"en-US\",\"@id\":\"https:\\\/\\\/www.brottsofferjouren.se\\\/en\\\/victim-support\\\/stod-pa-eget-sprak-support-in-your-own-language\\\/languages-we-offer-support-in\\\/#primaryimage\",\"url\":\"https:\\\/\\\/www.brottsofferjouren.se\\\/wp-content\\\/uploads\\\/2020\\\/12\\\/sca21245.jpg\",\"contentUrl\":\"https:\\\/\\\/www.brottsofferjouren.se\\\/wp-content\\\/uploads\\\/2020\\\/12\\\/sca21245.jpg\",\"width\":2560,\"height\":1707,\"caption\":\"Man jobbar hemifr\u00c3\u00a5n\"},{\"@type\":\"BreadcrumbList\",\"@id\":\"https:\\\/\\\/www.brottsofferjouren.se\\\/en\\\/victim-support\\\/stod-pa-eget-sprak-support-in-your-own-language\\\/languages-we-offer-support-in\\\/#breadcrumb\",\"itemListElement\":[{\"@type\":\"ListItem\",\"position\":1,\"name\":\"Hem\",\"item\":\"https:\\\/\\\/www.brottsofferjouren.se\\\/en\\\/\"},{\"@type\":\"ListItem\",\"position\":2,\"name\":\"Victim Support\",\"item\":\"https:\\\/\\\/www.brottsofferjouren.se\\\/en\\\/victim-support\\\/\"},{\"@type\":\"ListItem\",\"position\":3,\"name\":\"Support in your own language\",\"item\":\"https:\\\/\\\/www.brottsofferjouren.se\\\/en\\\/victim-support\\\/stod-pa-eget-sprak-support-in-your-own-language\\\/\"},{\"@type\":\"ListItem\",\"position\":4,\"name\":\"Languages we offer support in\"}]},{\"@type\":\"WebSite\",\"@id\":\"https:\\\/\\\/www.brottsofferjouren.se\\\/#website\",\"url\":\"https:\\\/\\\/www.brottsofferjouren.se\\\/\",\"name\":\"BOJ\",\"description\":\"St\u00f6d som ger kraft\",\"publisher\":{\"@id\":\"https:\\\/\\\/www.brottsofferjouren.se\\\/#organization\"},\"potentialAction\":[{\"@type\":\"SearchAction\",\"target\":{\"@type\":\"EntryPoint\",\"urlTemplate\":\"https:\\\/\\\/www.brottsofferjouren.se\\\/?s={search_term_string}\"},\"query-input\":{\"@type\":\"PropertyValueSpecification\",\"valueRequired\":true,\"valueName\":\"search_term_string\"}}],\"inLanguage\":\"en-US\"},{\"@type\":\"Organization\",\"@id\":\"https:\\\/\\\/www.brottsofferjouren.se\\\/#organization\",\"name\":\"Brottsofferjouren\",\"url\":\"https:\\\/\\\/www.brottsofferjouren.se\\\/\",\"logo\":{\"@type\":\"ImageObject\",\"inLanguage\":\"en-US\",\"@id\":\"https:\\\/\\\/www.brottsofferjouren.se\\\/#\\\/schema\\\/logo\\\/image\\\/\",\"url\":\"https:\\\/\\\/www.brottsofferjouren.se\\\/wp-content\\\/uploads\\\/2022\\\/06\\\/logo-mail.png\",\"contentUrl\":\"https:\\\/\\\/www.brottsofferjouren.se\\\/wp-content\\\/uploads\\\/2022\\\/06\\\/logo-mail.png\",\"width\":200,\"height\":150,\"caption\":\"Brottsofferjouren\"},\"image\":{\"@id\":\"https:\\\/\\\/www.brottsofferjouren.se\\\/#\\\/schema\\\/logo\\\/image\\\/\"},\"sameAs\":[\"https:\\\/\\\/www.facebook.com\\\/BrottsofferjourenSverige\\\/\",\"https:\\\/\\\/x.com\\\/brottsofferjour\",\"https:\\\/\\\/www.instagram.com\\\/brottsofferjourensverige\\\/\",\"https:\\\/\\\/www.linkedin.com\\\/company\\\/brottsofferjourernas-riksf-rbund\\\/?viewAsMember=true\"]}]}<\/script>\n<!-- \/ Yoast SEO plugin. -->","yoast_head_json":{"title":"Languages we offer support in - BOJ","robots":{"index":"index","follow":"follow","max-snippet":"max-snippet:-1","max-image-preview":"max-image-preview:large","max-video-preview":"max-video-preview:-1"},"canonical":"https:\/\/www.brottsofferjouren.se\/en\/victim-support\/stod-pa-eget-sprak-support-in-your-own-language\/languages-we-offer-support-in\/","og_locale":"en_US","og_type":"article","og_title":"Languages we offer support in - BOJ","og_description":"Below you find a list of the languages we offer support in. If you would like to come in contact with a volunteer who speaks your language for support, please fill out the form on this page. Spr\u00e5kLanguageAlbanianShqipArabic\u0627\u0644\u0639\u0631\u0628\u064a\u0629BosnianBosanskiEnglishEnglishFinnishSuomiGujarati \u0a97\u0ac1\u0a9c\u0ab0\u0abe\u0aa4\u0ac0Hindi \u0939\u093f\u0928\u094d\u0926\u0940CroatianHrvatskiLuganda\/GandaDutchNederlandsPersian \u0641\u0627\u0631\u0633\u06ccPolishPolskiPortuguesePortugu\u00easRussian\u0420\u0443\u0441\u0441\u043a\u0438\u0439SerbianSrpskiSpanishEspa\u00f1olSwahiliKiswahiliSwedishSvenskaTurkishT\u00fcrk\u00e7eUrdu\u0909\u0930\u094d\u0926\u0942","og_url":"https:\/\/www.brottsofferjouren.se\/en\/victim-support\/stod-pa-eget-sprak-support-in-your-own-language\/languages-we-offer-support-in\/","og_site_name":"BOJ","article_publisher":"https:\/\/www.facebook.com\/BrottsofferjourenSverige\/","article_modified_time":"2023-07-20T13:48:05+00:00","og_image":[{"width":1024,"height":683,"url":"https:\/\/www.brottsofferjouren.se\/wp-content\/uploads\/2020\/12\/sca21245-1024x683.jpg","type":"image\/jpeg"}],"twitter_card":"summary_large_image","twitter_site":"@brottsofferjour","twitter_misc":{"Est. reading time":"1 minute"},"schema":{"@context":"https:\/\/schema.org","@graph":[{"@type":"WebPage","@id":"https:\/\/www.brottsofferjouren.se\/en\/victim-support\/stod-pa-eget-sprak-support-in-your-own-language\/languages-we-offer-support-in\/","url":"https:\/\/www.brottsofferjouren.se\/en\/victim-support\/stod-pa-eget-sprak-support-in-your-own-language\/languages-we-offer-support-in\/","name":"Languages we offer support in - BOJ","isPartOf":{"@id":"https:\/\/www.brottsofferjouren.se\/#website"},"primaryImageOfPage":{"@id":"https:\/\/www.brottsofferjouren.se\/en\/victim-support\/stod-pa-eget-sprak-support-in-your-own-language\/languages-we-offer-support-in\/#primaryimage"},"image":{"@id":"https:\/\/www.brottsofferjouren.se\/en\/victim-support\/stod-pa-eget-sprak-support-in-your-own-language\/languages-we-offer-support-in\/#primaryimage"},"thumbnailUrl":"https:\/\/www.brottsofferjouren.se\/wp-content\/uploads\/2020\/12\/sca21245.jpg","datePublished":"2022-04-21T11:25:30+00:00","dateModified":"2023-07-20T13:48:05+00:00","breadcrumb":{"@id":"https:\/\/www.brottsofferjouren.se\/en\/victim-support\/stod-pa-eget-sprak-support-in-your-own-language\/languages-we-offer-support-in\/#breadcrumb"},"inLanguage":"en-US","potentialAction":[{"@type":"ReadAction","target":["https:\/\/www.brottsofferjouren.se\/en\/victim-support\/stod-pa-eget-sprak-support-in-your-own-language\/languages-we-offer-support-in\/"]}]},{"@type":"ImageObject","inLanguage":"en-US","@id":"https:\/\/www.brottsofferjouren.se\/en\/victim-support\/stod-pa-eget-sprak-support-in-your-own-language\/languages-we-offer-support-in\/#primaryimage","url":"https:\/\/www.brottsofferjouren.se\/wp-content\/uploads\/2020\/12\/sca21245.jpg","contentUrl":"https:\/\/www.brottsofferjouren.se\/wp-content\/uploads\/2020\/12\/sca21245.jpg","width":2560,"height":1707,"caption":"Man jobbar hemifr\u00c3\u00a5n"},{"@type":"BreadcrumbList","@id":"https:\/\/www.brottsofferjouren.se\/en\/victim-support\/stod-pa-eget-sprak-support-in-your-own-language\/languages-we-offer-support-in\/#breadcrumb","itemListElement":[{"@type":"ListItem","position":1,"name":"Hem","item":"https:\/\/www.brottsofferjouren.se\/en\/"},{"@type":"ListItem","position":2,"name":"Victim Support","item":"https:\/\/www.brottsofferjouren.se\/en\/victim-support\/"},{"@type":"ListItem","position":3,"name":"Support in your own language","item":"https:\/\/www.brottsofferjouren.se\/en\/victim-support\/stod-pa-eget-sprak-support-in-your-own-language\/"},{"@type":"ListItem","position":4,"name":"Languages we offer support in"}]},{"@type":"WebSite","@id":"https:\/\/www.brottsofferjouren.se\/#website","url":"https:\/\/www.brottsofferjouren.se\/","name":"BOJ","description":"St\u00f6d som ger kraft","publisher":{"@id":"https:\/\/www.brottsofferjouren.se\/#organization"},"potentialAction":[{"@type":"SearchAction","target":{"@type":"EntryPoint","urlTemplate":"https:\/\/www.brottsofferjouren.se\/?s={search_term_string}"},"query-input":{"@type":"PropertyValueSpecification","valueRequired":true,"valueName":"search_term_string"}}],"inLanguage":"en-US"},{"@type":"Organization","@id":"https:\/\/www.brottsofferjouren.se\/#organization","name":"Brottsofferjouren","url":"https:\/\/www.brottsofferjouren.se\/","logo":{"@type":"ImageObject","inLanguage":"en-US","@id":"https:\/\/www.brottsofferjouren.se\/#\/schema\/logo\/image\/","url":"https:\/\/www.brottsofferjouren.se\/wp-content\/uploads\/2022\/06\/logo-mail.png","contentUrl":"https:\/\/www.brottsofferjouren.se\/wp-content\/uploads\/2022\/06\/logo-mail.png","width":200,"height":150,"caption":"Brottsofferjouren"},"image":{"@id":"https:\/\/www.brottsofferjouren.se\/#\/schema\/logo\/image\/"},"sameAs":["https:\/\/www.facebook.com\/BrottsofferjourenSverige\/","https:\/\/x.com\/brottsofferjour","https:\/\/www.instagram.com\/brottsofferjourensverige\/","https:\/\/www.linkedin.com\/company\/brottsofferjourernas-riksf-rbund\/?viewAsMember=true"]}]}},"_links":{"self":[{"href":"https:\/\/www.brottsofferjouren.se\/en\/wp-json\/wp\/v2\/pages\/8117","targetHints":{"allow":["GET"]}}],"collection":[{"href":"https:\/\/www.brottsofferjouren.se\/en\/wp-json\/wp\/v2\/pages"}],"about":[{"href":"https:\/\/www.brottsofferjouren.se\/en\/wp-json\/wp\/v2\/types\/page"}],"author":[{"embeddable":true,"href":"https:\/\/www.brottsofferjouren.se\/en\/wp-json\/wp\/v2\/users\/4"}],"replies":[{"embeddable":true,"href":"https:\/\/www.brottsofferjouren.se\/en\/wp-json\/wp\/v2\/comments?post=8117"}],"version-history":[{"count":6,"href":"https:\/\/www.brottsofferjouren.se\/en\/wp-json\/wp\/v2\/pages\/8117\/revisions"}],"predecessor-version":[{"id":11570,"href":"https:\/\/www.brottsofferjouren.se\/en\/wp-json\/wp\/v2\/pages\/8117\/revisions\/11570"}],"up":[{"embeddable":true,"href":"https:\/\/www.brottsofferjouren.se\/en\/wp-json\/wp\/v2\/pages\/2316"}],"wp:featuredmedia":[{"embeddable":true,"href":"https:\/\/www.brottsofferjouren.se\/en\/wp-json\/wp\/v2\/media\/2323"}],"wp:attachment":[{"href":"https:\/\/www.brottsofferjouren.se\/en\/wp-json\/wp\/v2\/media?parent=8117"}],"curies":[{"name":"wp","href":"https:\/\/api.w.org\/{rel}","templated":true}]}}