{"id":503,"date":"2020-08-02T16:41:19","date_gmt":"2020-08-02T14:41:19","guid":{"rendered":"http:\/\/boj-website200715-1-151956911.dev-freelancer-mf.mildmedia-dev.eu\/example\/"},"modified":"2021-10-19T14:03:39","modified_gmt":"2021-10-19T12:03:39","slug":"example","status":"publish","type":"page","link":"https:\/\/www.brottsofferjouren.se\/en\/","title":{"rendered":"Home page"},"content":{"rendered":"\n<div class=\"wp-block-cover has-black-background-color has-background-dim\"><div class=\"container\"><img loading=\"lazy\" decoding=\"async\" width=\"2133\" height=\"592\" class=\"wp-block-cover__image-background wp-image-3702\" alt=\"\" src=\"https:\/\/www.brottsofferjouren.se\/wp-content\/uploads\/2021\/01\/Headerbild-webben-collage3-2.png\" data-object-fit=\"cover\" srcset=\"https:\/\/www.brottsofferjouren.se\/wp-content\/uploads\/2021\/01\/Headerbild-webben-collage3-2.png 2133w, https:\/\/www.brottsofferjouren.se\/wp-content\/uploads\/2021\/01\/Headerbild-webben-collage3-2-300x83.png 300w, https:\/\/www.brottsofferjouren.se\/wp-content\/uploads\/2021\/01\/Headerbild-webben-collage3-2-1024x284.png 1024w, https:\/\/www.brottsofferjouren.se\/wp-content\/uploads\/2021\/01\/Headerbild-webben-collage3-2-768x213.png 768w, https:\/\/www.brottsofferjouren.se\/wp-content\/uploads\/2021\/01\/Headerbild-webben-collage3-2-1536x426.png 1536w, https:\/\/www.brottsofferjouren.se\/wp-content\/uploads\/2021\/01\/Headerbild-webben-collage3-2-2048x568.png 2048w, https:\/\/www.brottsofferjouren.se\/wp-content\/uploads\/2021\/01\/Headerbild-webben-collage3-2-735x204.png 735w, https:\/\/www.brottsofferjouren.se\/wp-content\/uploads\/2021\/01\/Headerbild-webben-collage3-2-500x139.png 500w\" sizes=\"auto, (max-width: 2133px) 100vw, 2133px\" \/><div class=\"wp-block-cover__inner-container is-layout-flow wp-block-cover-is-layout-flow\">\n<h1 class=\"wp-block-heading\">Welcome to Victim Support Sweden<\/h1>\n\n\n\n<p>We help victims of crime, witnesses and affected relatives.<\/p>\n<\/div><\/div><\/div>\n\n\n<div class=\"shortcuts\">\n  <div class=\"container\">\n    <div class=\"shortcuts-container\">\n                  <a href=\"https:\/\/www.brottsofferjouren.se\/en\/om-oss\/contact-us\/\">\n              <div class=\"shortcut phone\">\n                                  <img decoding=\"async\" src=\"https:\/\/www.brottsofferjouren.se\/wp-content\/themes\/boj-website\/assets\/svg\/phone.svg\">\n                                \n              <\/div>\n              \n              <div class=\"text\">\n                <p>Call us<br \/>\n116 006<\/p>\n              <\/div>\n            <\/a>\n                      <a href=\"http:\/\/www.brottsofferjouren.se\/om-oss\/kontakt\/hitta-en-brottsofferjour\/\">\n              <div class=\"shortcut location\">\n                                  <img decoding=\"async\" src=\"https:\/\/www.brottsofferjouren.se\/wp-content\/themes\/boj-website\/assets\/svg\/location.svg\">\n                                \n              <\/div>\n              \n              <div class=\"text\">\n                <p>Find your<br \/>\nlocal victim support centre<\/p>\n              <\/div>\n            <\/a>\n                      <a href=\"https:\/\/www.brottsofferjouren.se\/en\/om-oss\/contact-us\/\">\n              <div class=\"shortcut email-2\">\n                                  <img decoding=\"async\" src=\"https:\/\/www.brottsofferjouren.se\/wp-content\/themes\/boj-website\/assets\/svg\/email-2.svg\">\n                                \n              <\/div>\n              \n              <div class=\"text\">\n                <p>E-mail us<br \/>\nyour questions<\/p>\n              <\/div>\n            <\/a>\n                      <a href=\"http:\/\/www.brottsofferjouren.se\/en\/example\/stod-pa-eget-sprak-support-in-your-own-language\/\">\n              <div class=\"shortcut language\">\n                                  <img decoding=\"async\" src=\"https:\/\/www.brottsofferjouren.se\/wp-content\/themes\/boj-website\/assets\/svg\/language.svg\">\n                                \n              <\/div>\n              \n              <div class=\"text\">\n                <p>Support in<br \/>\nyour langugage<\/p>\n              <\/div>\n            <\/a>\n              <\/div>\n  <\/div>\n<\/div>\n\n\n\n<hr class=\"wp-block-separator has-text-color has-background is-style-wide\" style=\"background-color:#e2e2e2;color:#e2e2e2\"\/>\n\n\n\n<div class=\"column-cards\">\n  <div class=\"container\">\n          <h2 class=\"h1\">Current information<\/h2>\n    \n          <div class=\"row\">\n                  <div class=\"col-12 col-lg-4\">\n            <div class=\"column-card has-link\">\n                                                <a href=\"https:\/\/www.brottsofferjouren.se\/en\/victim-support\/stod-pa-eget-sprak-support-in-your-own-language\/att-vittna\/\">\n                    <div class=\"image\">\n                      <img decoding=\"async\" src=\"https:\/\/www.brottsofferjouren.se\/wp-content\/uploads\/2020\/12\/vittne_ny-390x260.jpg\" alt=\"Witnesses matter\">\n                    <\/div>\n                  <\/a>\n                \n                <div class=\"column-card-content\">\n                                      <h3>Witnesses matter<\/h3>\n                  \n                  <p>Confident witnesses leads to\u00a0 increased legal justice and can help ensure that more crimes are solved.<\/p>\n\n                                      <a class=\"card-link arrow\" href=\"https:\/\/www.brottsofferjouren.se\/en\/victim-support\/stod-pa-eget-sprak-support-in-your-own-language\/att-vittna\/\">L\u00e4s mer<\/a>\n                                  <\/div>\n                          <\/div>\n          <\/div>\n                  <div class=\"col-12 col-lg-4\">\n            <div class=\"column-card has-link\">\n                                                <a href=\"https:\/\/www.brottsofferjouren.se\/en\/victim-support\/stod-pa-eget-sprak-support-in-your-own-language\/sprakvolontar\/\">\n                    <div class=\"image\">\n                      <img decoding=\"async\" src=\"https:\/\/www.brottsofferjouren.se\/wp-content\/uploads\/2020\/12\/Vittnesstod-ny-390x260.jpg\" alt=\"Become a language volunteer\">\n                    <\/div>\n                  <\/a>\n                \n                <div class=\"column-card-content\">\n                                      <h3>Become a language volunteer<\/h3>\n                  \n                  <p>Do you speak other languages than Swedish and English and would like to give support to victims of crime, wittnesses and affected relatives?<\/p>\n\n                                      <a class=\"card-link arrow\" href=\"https:\/\/www.brottsofferjouren.se\/en\/victim-support\/stod-pa-eget-sprak-support-in-your-own-language\/sprakvolontar\/\">L\u00e4s mer<\/a>\n                                  <\/div>\n                          <\/div>\n          <\/div>\n              <\/div>\n      <\/div>\n<\/div>\n\n\n\n<div class=\"column-cards\">\n  <div class=\"container\">\n    \n          <div class=\"row\">\n                  <div class=\"col-12 col-lg-4\">\n            <div class=\"column-card has-link\">\n                                                <a href=\"https:\/\/www.brottsofferjouren.se\/en\/om-oss\/\">\n                    <div class=\"image\">\n                      <img decoding=\"async\" src=\"https:\/\/www.brottsofferjouren.se\/wp-content\/uploads\/2020\/11\/Facebook-profilbild-nya-loggan-390x260.png\" alt=\"About us\">\n                    <\/div>\n                  <\/a>\n                \n                <div class=\"column-card-content\">\n                                      <h3>About us<\/h3>\n                  \n                  <p>We work every day to make sure that victims of crime get the support that they deserve, so that they can have their strength back.<\/p>\n\n                                      <a class=\"card-link arrow\" href=\"https:\/\/www.brottsofferjouren.se\/en\/om-oss\/\">Read more<\/a>\n                                  <\/div>\n                          <\/div>\n          <\/div>\n                  <div class=\"col-12 col-lg-4\">\n            <div class=\"column-card has-link\">\n                                                <a href=\"https:\/\/www.yourvismawebsite.com\/brottsofferjourernas-riksforbu\">\n                    <div class=\"image\">\n                      <img decoding=\"async\" src=\"https:\/\/www.brottsofferjouren.se\/wp-content\/uploads\/2021\/01\/webbild-webbshopp-390x260.png\" alt=\"Order our educational material\">\n                    <\/div>\n                  <\/a>\n                \n                <div class=\"column-card-content\">\n                                      <h3>Order our educational material<\/h3>\n                  \n                  <p>Order books and educational material from our online store.<\/p>\n\n                                      <a class=\"card-link arrow\" href=\"https:\/\/www.yourvismawebsite.com\/brottsofferjourernas-riksforbu\">Visit our shop<\/a>\n                                  <\/div>\n                          <\/div>\n          <\/div>\n                  <div class=\"col-12 col-lg-4\">\n            <div class=\"column-card calendar\">\n                              <h3>Kalendarium<\/h3>\n                <script>\n                  function mmAlert() {\n                    alert(\"Detta \u00e4r ett internt evenemang, f\u00f6r att se mer information beh\u00f6ver du vara inloggad p\u00e5 BOJ:s intran\u00e4t\");\n                  }\n                <\/script>\n                <div>\n                                          <div class=\"calendar-row-item\">\n                          <div class=\"calendar-row-item-circle-day\">\n                            20                          <\/div>\n\n                          <div class=\"calendar-row-item-details\">\n                            <strong>April 2026<\/strong>\n\n                            <span>\n                              09:30-15:30                            <\/span>\n\n                            <a href=\"https:\/\/www.brottsofferjouren.se\/en\/kalendarium\/trygg-trapp-spridningskonferens-i-hassleholm\/\"  class=\"d-inline-block w-100\">Trygg Trapp \u2013 spridningskonferens i H\u00e4ssleholm<\/a>\n\n                            \n\n                          <\/div>\n                        <\/div>\n                                                <div class=\"calendar-row-item\">\n                          <div class=\"calendar-row-item-circle-day\">\n                            23                          <\/div>\n\n                          <div class=\"calendar-row-item-details\">\n                            <strong>April 2026<\/strong>\n\n                            <span>\n                              09:30-15:30                            <\/span>\n\n                            <a href=\"https:\/\/www.brottsofferjouren.se\/en\/kalendarium\/trygg-trapp-spridningskonferens-i-orebro\/\"  class=\"d-inline-block w-100\">Trygg Trapp \u2013 spridningskonferens i \u00d6rebro<\/a>\n\n                            \n\n                          <\/div>\n                        <\/div>\n                                                <div class=\"calendar-row-item\">\n                          <div class=\"calendar-row-item-circle-day\">\n                            27                          <\/div>\n\n                          <div class=\"calendar-row-item-details\">\n                            <strong>Maj 2026<\/strong>\n\n                            <span>\n                              10:00-12:00                            <\/span>\n\n                            <a href=\"https:\/\/www.brottsofferjouren.se\/en\/kalendarium\/panelsamtal-infor-valet\/\"  class=\"d-inline-block w-100\">Panelsamtal inf\u00f6r valet<\/a>\n\n                            \n\n                          <\/div>\n                        <\/div>\n                                        <\/div>\n\n                <a class=\"btn btn-primary calendar-btn\" href=\"https:\/\/www.brottsofferjouren.se\/aktuellt\/kalendarium\/\">Till kalendarium<\/a>\n                          <\/div>\n          <\/div>\n              <\/div>\n      <\/div>\n<\/div>\n","protected":false},"excerpt":{"rendered":"","protected":false},"author":21,"featured_media":0,"parent":0,"menu_order":227,"comment_status":"closed","ping_status":"closed","template":"","meta":{"_acf_changed":false,"_relevanssi_hide_post":"","_relevanssi_hide_content":"","_relevanssi_pin_for_all":"","_relevanssi_pin_keywords":"","_relevanssi_unpin_keywords":"","_relevanssi_related_keywords":"","_relevanssi_related_include_ids":"","_relevanssi_related_exclude_ids":"","_relevanssi_related_no_append":"","_relevanssi_related_not_related":"","_relevanssi_related_posts":"69,109,62,101,59,90","_relevanssi_noindex_reason":"","footnotes":""},"class_list":["post-503","page","type-page","status-publish","hentry"],"acf":[],"yoast_head":"<!-- This site is optimized with the Yoast SEO plugin v27.3 - https:\/\/yoast.com\/product\/yoast-seo-wordpress\/ -->\n<title>Home page - BOJ<\/title>\n<meta name=\"robots\" content=\"index, follow, max-snippet:-1, max-image-preview:large, max-video-preview:-1\" \/>\n<link rel=\"canonical\" href=\"https:\/\/www.brottsofferjouren.se\/en\/\" \/>\n<meta property=\"og:locale\" content=\"en_US\" \/>\n<meta property=\"og:type\" content=\"article\" \/>\n<meta property=\"og:title\" content=\"Home page - BOJ\" \/>\n<meta property=\"og:url\" content=\"https:\/\/www.brottsofferjouren.se\/en\/\" \/>\n<meta property=\"og:site_name\" content=\"BOJ\" \/>\n<meta property=\"article:publisher\" content=\"https:\/\/www.facebook.com\/BrottsofferjourenSverige\/\" \/>\n<meta property=\"article:modified_time\" content=\"2021-10-19T12:03:39+00:00\" \/>\n<meta property=\"og:image\" content=\"https:\/\/www.brottsofferjouren.se\/wp-content\/uploads\/2021\/01\/Headerbild-webben-collage3-2.png\" \/>\n<meta name=\"twitter:card\" content=\"summary_large_image\" \/>\n<meta name=\"twitter:site\" content=\"@brottsofferjour\" \/>\n<meta name=\"twitter:label1\" content=\"Est. reading time\" \/>\n\t<meta name=\"twitter:data1\" content=\"1 minute\" \/>\n<script type=\"application\/ld+json\" class=\"yoast-schema-graph\">{\"@context\":\"https:\\\/\\\/schema.org\",\"@graph\":[{\"@type\":\"WebPage\",\"@id\":\"https:\\\/\\\/www.brottsofferjouren.se\\\/en\\\/\",\"url\":\"https:\\\/\\\/www.brottsofferjouren.se\\\/en\\\/\",\"name\":\"Home page - BOJ\",\"isPartOf\":{\"@id\":\"https:\\\/\\\/www.brottsofferjouren.se\\\/#website\"},\"primaryImageOfPage\":{\"@id\":\"https:\\\/\\\/www.brottsofferjouren.se\\\/en\\\/#primaryimage\"},\"image\":{\"@id\":\"https:\\\/\\\/www.brottsofferjouren.se\\\/en\\\/#primaryimage\"},\"thumbnailUrl\":\"https:\\\/\\\/www.brottsofferjouren.se\\\/wp-content\\\/uploads\\\/2021\\\/01\\\/Headerbild-webben-collage3-2.png\",\"datePublished\":\"2020-08-02T14:41:19+00:00\",\"dateModified\":\"2021-10-19T12:03:39+00:00\",\"breadcrumb\":{\"@id\":\"https:\\\/\\\/www.brottsofferjouren.se\\\/en\\\/#breadcrumb\"},\"inLanguage\":\"en-US\",\"potentialAction\":[{\"@type\":\"ReadAction\",\"target\":[\"https:\\\/\\\/www.brottsofferjouren.se\\\/en\\\/\"]}]},{\"@type\":\"ImageObject\",\"inLanguage\":\"en-US\",\"@id\":\"https:\\\/\\\/www.brottsofferjouren.se\\\/en\\\/#primaryimage\",\"url\":\"https:\\\/\\\/www.brottsofferjouren.se\\\/wp-content\\\/uploads\\\/2021\\\/01\\\/Headerbild-webben-collage3-2.png\",\"contentUrl\":\"https:\\\/\\\/www.brottsofferjouren.se\\\/wp-content\\\/uploads\\\/2021\\\/01\\\/Headerbild-webben-collage3-2.png\"},{\"@type\":\"BreadcrumbList\",\"@id\":\"https:\\\/\\\/www.brottsofferjouren.se\\\/en\\\/#breadcrumb\",\"itemListElement\":[{\"@type\":\"ListItem\",\"position\":1,\"name\":\"Hem\",\"item\":\"https:\\\/\\\/www.brottsofferjouren.se\\\/en\\\/\"},{\"@type\":\"ListItem\",\"position\":2,\"name\":\"Home page\"}]},{\"@type\":\"WebSite\",\"@id\":\"https:\\\/\\\/www.brottsofferjouren.se\\\/#website\",\"url\":\"https:\\\/\\\/www.brottsofferjouren.se\\\/\",\"name\":\"BOJ\",\"description\":\"St\u00f6d som ger kraft\",\"publisher\":{\"@id\":\"https:\\\/\\\/www.brottsofferjouren.se\\\/#organization\"},\"potentialAction\":[{\"@type\":\"SearchAction\",\"target\":{\"@type\":\"EntryPoint\",\"urlTemplate\":\"https:\\\/\\\/www.brottsofferjouren.se\\\/?s={search_term_string}\"},\"query-input\":{\"@type\":\"PropertyValueSpecification\",\"valueRequired\":true,\"valueName\":\"search_term_string\"}}],\"inLanguage\":\"en-US\"},{\"@type\":\"Organization\",\"@id\":\"https:\\\/\\\/www.brottsofferjouren.se\\\/#organization\",\"name\":\"Brottsofferjouren\",\"url\":\"https:\\\/\\\/www.brottsofferjouren.se\\\/\",\"logo\":{\"@type\":\"ImageObject\",\"inLanguage\":\"en-US\",\"@id\":\"https:\\\/\\\/www.brottsofferjouren.se\\\/#\\\/schema\\\/logo\\\/image\\\/\",\"url\":\"https:\\\/\\\/www.brottsofferjouren.se\\\/wp-content\\\/uploads\\\/2022\\\/06\\\/logo-mail.png\",\"contentUrl\":\"https:\\\/\\\/www.brottsofferjouren.se\\\/wp-content\\\/uploads\\\/2022\\\/06\\\/logo-mail.png\",\"width\":200,\"height\":150,\"caption\":\"Brottsofferjouren\"},\"image\":{\"@id\":\"https:\\\/\\\/www.brottsofferjouren.se\\\/#\\\/schema\\\/logo\\\/image\\\/\"},\"sameAs\":[\"https:\\\/\\\/www.facebook.com\\\/BrottsofferjourenSverige\\\/\",\"https:\\\/\\\/x.com\\\/brottsofferjour\",\"https:\\\/\\\/www.instagram.com\\\/brottsofferjourensverige\\\/\",\"https:\\\/\\\/www.linkedin.com\\\/company\\\/brottsofferjourernas-riksf-rbund\\\/?viewAsMember=true\"]}]}<\/script>\n<!-- \/ Yoast SEO plugin. -->","yoast_head_json":{"title":"Home page - BOJ","robots":{"index":"index","follow":"follow","max-snippet":"max-snippet:-1","max-image-preview":"max-image-preview:large","max-video-preview":"max-video-preview:-1"},"canonical":"https:\/\/www.brottsofferjouren.se\/en\/","og_locale":"en_US","og_type":"article","og_title":"Home page - BOJ","og_url":"https:\/\/www.brottsofferjouren.se\/en\/","og_site_name":"BOJ","article_publisher":"https:\/\/www.facebook.com\/BrottsofferjourenSverige\/","article_modified_time":"2021-10-19T12:03:39+00:00","og_image":[{"url":"https:\/\/www.brottsofferjouren.se\/wp-content\/uploads\/2021\/01\/Headerbild-webben-collage3-2.png","type":"","width":"","height":""}],"twitter_card":"summary_large_image","twitter_site":"@brottsofferjour","twitter_misc":{"Est. reading time":"1 minute"},"schema":{"@context":"https:\/\/schema.org","@graph":[{"@type":"WebPage","@id":"https:\/\/www.brottsofferjouren.se\/en\/","url":"https:\/\/www.brottsofferjouren.se\/en\/","name":"Home page - BOJ","isPartOf":{"@id":"https:\/\/www.brottsofferjouren.se\/#website"},"primaryImageOfPage":{"@id":"https:\/\/www.brottsofferjouren.se\/en\/#primaryimage"},"image":{"@id":"https:\/\/www.brottsofferjouren.se\/en\/#primaryimage"},"thumbnailUrl":"https:\/\/www.brottsofferjouren.se\/wp-content\/uploads\/2021\/01\/Headerbild-webben-collage3-2.png","datePublished":"2020-08-02T14:41:19+00:00","dateModified":"2021-10-19T12:03:39+00:00","breadcrumb":{"@id":"https:\/\/www.brottsofferjouren.se\/en\/#breadcrumb"},"inLanguage":"en-US","potentialAction":[{"@type":"ReadAction","target":["https:\/\/www.brottsofferjouren.se\/en\/"]}]},{"@type":"ImageObject","inLanguage":"en-US","@id":"https:\/\/www.brottsofferjouren.se\/en\/#primaryimage","url":"https:\/\/www.brottsofferjouren.se\/wp-content\/uploads\/2021\/01\/Headerbild-webben-collage3-2.png","contentUrl":"https:\/\/www.brottsofferjouren.se\/wp-content\/uploads\/2021\/01\/Headerbild-webben-collage3-2.png"},{"@type":"BreadcrumbList","@id":"https:\/\/www.brottsofferjouren.se\/en\/#breadcrumb","itemListElement":[{"@type":"ListItem","position":1,"name":"Hem","item":"https:\/\/www.brottsofferjouren.se\/en\/"},{"@type":"ListItem","position":2,"name":"Home page"}]},{"@type":"WebSite","@id":"https:\/\/www.brottsofferjouren.se\/#website","url":"https:\/\/www.brottsofferjouren.se\/","name":"BOJ","description":"St\u00f6d som ger kraft","publisher":{"@id":"https:\/\/www.brottsofferjouren.se\/#organization"},"potentialAction":[{"@type":"SearchAction","target":{"@type":"EntryPoint","urlTemplate":"https:\/\/www.brottsofferjouren.se\/?s={search_term_string}"},"query-input":{"@type":"PropertyValueSpecification","valueRequired":true,"valueName":"search_term_string"}}],"inLanguage":"en-US"},{"@type":"Organization","@id":"https:\/\/www.brottsofferjouren.se\/#organization","name":"Brottsofferjouren","url":"https:\/\/www.brottsofferjouren.se\/","logo":{"@type":"ImageObject","inLanguage":"en-US","@id":"https:\/\/www.brottsofferjouren.se\/#\/schema\/logo\/image\/","url":"https:\/\/www.brottsofferjouren.se\/wp-content\/uploads\/2022\/06\/logo-mail.png","contentUrl":"https:\/\/www.brottsofferjouren.se\/wp-content\/uploads\/2022\/06\/logo-mail.png","width":200,"height":150,"caption":"Brottsofferjouren"},"image":{"@id":"https:\/\/www.brottsofferjouren.se\/#\/schema\/logo\/image\/"},"sameAs":["https:\/\/www.facebook.com\/BrottsofferjourenSverige\/","https:\/\/x.com\/brottsofferjour","https:\/\/www.instagram.com\/brottsofferjourensverige\/","https:\/\/www.linkedin.com\/company\/brottsofferjourernas-riksf-rbund\/?viewAsMember=true"]}]}},"_links":{"self":[{"href":"https:\/\/www.brottsofferjouren.se\/en\/wp-json\/wp\/v2\/pages\/503","targetHints":{"allow":["GET"]}}],"collection":[{"href":"https:\/\/www.brottsofferjouren.se\/en\/wp-json\/wp\/v2\/pages"}],"about":[{"href":"https:\/\/www.brottsofferjouren.se\/en\/wp-json\/wp\/v2\/types\/page"}],"author":[{"embeddable":true,"href":"https:\/\/www.brottsofferjouren.se\/en\/wp-json\/wp\/v2\/users\/21"}],"replies":[{"embeddable":true,"href":"https:\/\/www.brottsofferjouren.se\/en\/wp-json\/wp\/v2\/comments?post=503"}],"version-history":[{"count":20,"href":"https:\/\/www.brottsofferjouren.se\/en\/wp-json\/wp\/v2\/pages\/503\/revisions"}],"predecessor-version":[{"id":6247,"href":"https:\/\/www.brottsofferjouren.se\/en\/wp-json\/wp\/v2\/pages\/503\/revisions\/6247"}],"wp:attachment":[{"href":"https:\/\/www.brottsofferjouren.se\/en\/wp-json\/wp\/v2\/media?parent=503"}],"curies":[{"name":"wp","href":"https:\/\/api.w.org\/{rel}","templated":true}]}}