{"id":2522,"date":"2020-10-15T10:21:44","date_gmt":"2020-10-15T08:21:44","guid":{"rendered":"https:\/\/www.brottsofferjouren.se\/om-oss\/"},"modified":"2021-05-05T13:10:50","modified_gmt":"2021-05-05T11:10:50","slug":"om-oss","status":"publish","type":"page","link":"https:\/\/www.brottsofferjouren.se\/en\/om-oss\/","title":{"rendered":"About us"},"content":{"rendered":"\n<figure class=\"wp-block-image size-large\"><img loading=\"lazy\" decoding=\"async\" width=\"1024\" height=\"702\" src=\"https:\/\/www.brottsofferjouren.se\/wp-content\/uploads\/2020\/11\/matt-nelson-2Rb2I8TZ6O8-unsplash-1024x702.jpg\" alt=\"\" class=\"wp-image-1146\" srcset=\"https:\/\/www.brottsofferjouren.se\/wp-content\/uploads\/2020\/11\/matt-nelson-2Rb2I8TZ6O8-unsplash-1024x702.jpg 1024w, https:\/\/www.brottsofferjouren.se\/wp-content\/uploads\/2020\/11\/matt-nelson-2Rb2I8TZ6O8-unsplash-300x206.jpg 300w, https:\/\/www.brottsofferjouren.se\/wp-content\/uploads\/2020\/11\/matt-nelson-2Rb2I8TZ6O8-unsplash-768x526.jpg 768w, https:\/\/www.brottsofferjouren.se\/wp-content\/uploads\/2020\/11\/matt-nelson-2Rb2I8TZ6O8-unsplash-1536x1052.jpg 1536w, https:\/\/www.brottsofferjouren.se\/wp-content\/uploads\/2020\/11\/matt-nelson-2Rb2I8TZ6O8-unsplash-2048x1403.jpg 2048w, https:\/\/www.brottsofferjouren.se\/wp-content\/uploads\/2020\/11\/matt-nelson-2Rb2I8TZ6O8-unsplash-735x504.jpg 735w, https:\/\/www.brottsofferjouren.se\/wp-content\/uploads\/2020\/11\/matt-nelson-2Rb2I8TZ6O8-unsplash-500x343.jpg 500w\" sizes=\"auto, (max-width: 1024px) 100vw, 1024px\" \/><\/figure>\n\n\n\n<h2 class=\"wp-block-heading\">Help for victims and witnesses<\/h2>\n\n\n\n<p>Brottsofferjouren, Victim Support Sweden, helps and supports victims, witnesses and others affected by crime. We have trained volunteers to help you.<\/p>\n\n\n\n<p>We offer:<\/p>\n\n\n\n<ul class=\"wp-block-list\"><li><strong>Emotional support.<\/strong>&nbsp;We listen and talk to you and we won&#8217;t tell anyone what you say to us.<\/li><li><strong>Practical help.<\/strong>&nbsp;We can help you with paperwork and forms and contacts.<\/li><li><strong>Information.&nbsp;<\/strong>We can give information about police report and investigation and legal proceedings<\/li><li>Information about and&nbsp;<strong>help to apply for crime victim compensation<\/strong>&nbsp;and criminal injuries compensation<\/li><\/ul>\n\n\n\n<p>All our help is free and available to everyone, whether or not the crime has been reported and regardless of when it happened. We won\u2019t tell anyone what you say to us. Everyone who works for us has given a pledge of confidentiality.<\/p>\n\n\n\n<h3 class=\"wp-block-heading\"><strong>Brottsofferjouren Sverige &#8211;<\/strong>&nbsp;<strong>Victim Support Sweden &#8211;&nbsp;acts as a strong voice for victims<\/strong><\/h3>\n\n\n\n<p>Brottsofferjouren Sverige is a non-profit organization which helps people who have been affected by crime.&nbsp;We represent the views and interests of victims and witnesses to the government and other stakeholders, in order to influence policy and practice.<\/p>\n\n\n\n<p>There are more than 70 local victim support centres around the country.&nbsp;These centres are intended to complement action by the public authorities.<\/p>\n\n\n\n<h3 class=\"wp-block-heading\"><strong>Contact us for help and support<\/strong><\/h3>\n\n\n\n<p>Find your&nbsp;<a href=\"https:\/\/www.brottsofferjouren.se\/om-oss\/kontakt\/hitta-en-brottsofferjour\/\">local victim support centre<\/a> or call our national supportline at&nbsp;<strong>116 006<\/strong>. You can also find more information about our help in other languages&nbsp;<a href=\"https:\/\/www.brottsofferjouren.se\/?page_id=2327\">here<\/a>. &nbsp;<\/p>\n\n\n\n<p>At&nbsp;<a href=\"http:\/\/www.brottsoffermyndigheten.se\/eng\">The Swedish Crime Victim Compensation and Support Authority<\/a> you can read more about help for victims.<\/p>\n","protected":false},"excerpt":{"rendered":"<p>Help for victims and witnesses Brottsofferjouren, Victim Support Sweden, helps and supports victims, witnesses and others affected by crime. We have trained volunteers to help you. We offer: Emotional support.&nbsp;We listen and talk to you and we won&#8217;t tell anyone what you say to us.Practical help.&nbsp;We can help you with paperwork and forms and contacts.Information.&nbsp;We [&hellip;]<\/p>\n","protected":false},"author":4,"featured_media":0,"parent":0,"menu_order":164,"comment_status":"closed","ping_status":"closed","template":"","meta":{"_acf_changed":false,"_relevanssi_hide_post":"","_relevanssi_hide_content":"","_relevanssi_pin_for_all":"","_relevanssi_pin_keywords":"","_relevanssi_unpin_keywords":"","_relevanssi_related_keywords":"","_relevanssi_related_include_ids":"","_relevanssi_related_exclude_ids":"","_relevanssi_related_no_append":"","_relevanssi_related_not_related":"","_relevanssi_related_posts":"87,69,80,102,93,75","_relevanssi_noindex_reason":"","footnotes":""},"class_list":["post-2522","page","type-page","status-publish","hentry"],"acf":[],"yoast_head":"<!-- This site is optimized with the Yoast SEO plugin v27.4 - https:\/\/yoast.com\/product\/yoast-seo-wordpress\/ -->\n<title>About us - BOJ<\/title>\n<meta name=\"description\" content=\"Brottsofferjouren \u00e4r en politiskt och religi\u00f6st obunden ideell organisation som ger st\u00f6d till brottsoffer, vittnen och anh\u00f6riga.\" \/>\n<meta name=\"robots\" content=\"index, follow, max-snippet:-1, max-image-preview:large, max-video-preview:-1\" \/>\n<link rel=\"canonical\" href=\"https:\/\/www.brottsofferjouren.se\/en\/om-oss\/\" \/>\n<meta property=\"og:locale\" content=\"en_US\" \/>\n<meta property=\"og:type\" content=\"article\" \/>\n<meta property=\"og:title\" content=\"About us - BOJ\" \/>\n<meta property=\"og:description\" content=\"Brottsofferjouren \u00e4r en politiskt och religi\u00f6st obunden ideell organisation som ger st\u00f6d till brottsoffer, vittnen och anh\u00f6riga.\" \/>\n<meta property=\"og:url\" content=\"https:\/\/www.brottsofferjouren.se\/en\/om-oss\/\" \/>\n<meta property=\"og:site_name\" content=\"BOJ\" \/>\n<meta property=\"article:publisher\" content=\"https:\/\/www.facebook.com\/BrottsofferjourenSverige\/\" \/>\n<meta property=\"article:modified_time\" content=\"2021-05-05T11:10:50+00:00\" \/>\n<meta property=\"og:image\" content=\"https:\/\/www.brottsofferjouren.se\/wp-content\/uploads\/2020\/11\/matt-nelson-2Rb2I8TZ6O8-unsplash-1024x702.jpg\" \/>\n<meta name=\"twitter:card\" content=\"summary_large_image\" \/>\n<meta name=\"twitter:site\" content=\"@brottsofferjour\" \/>\n<meta name=\"twitter:label1\" content=\"Est. reading time\" \/>\n\t<meta name=\"twitter:data1\" content=\"2 minutes\" \/>\n<script type=\"application\/ld+json\" class=\"yoast-schema-graph\">{\"@context\":\"https:\\\/\\\/schema.org\",\"@graph\":[{\"@type\":\"WebPage\",\"@id\":\"https:\\\/\\\/www.brottsofferjouren.se\\\/en\\\/om-oss\\\/\",\"url\":\"https:\\\/\\\/www.brottsofferjouren.se\\\/en\\\/om-oss\\\/\",\"name\":\"About us - BOJ\",\"isPartOf\":{\"@id\":\"https:\\\/\\\/www.brottsofferjouren.se\\\/#website\"},\"primaryImageOfPage\":{\"@id\":\"https:\\\/\\\/www.brottsofferjouren.se\\\/en\\\/om-oss\\\/#primaryimage\"},\"image\":{\"@id\":\"https:\\\/\\\/www.brottsofferjouren.se\\\/en\\\/om-oss\\\/#primaryimage\"},\"thumbnailUrl\":\"https:\\\/\\\/www.brottsofferjouren.se\\\/wp-content\\\/uploads\\\/2020\\\/11\\\/matt-nelson-2Rb2I8TZ6O8-unsplash-1024x702.jpg\",\"datePublished\":\"2020-10-15T08:21:44+00:00\",\"dateModified\":\"2021-05-05T11:10:50+00:00\",\"description\":\"Brottsofferjouren \u00e4r en politiskt och religi\u00f6st obunden ideell organisation som ger st\u00f6d till brottsoffer, vittnen och anh\u00f6riga.\",\"breadcrumb\":{\"@id\":\"https:\\\/\\\/www.brottsofferjouren.se\\\/en\\\/om-oss\\\/#breadcrumb\"},\"inLanguage\":\"en-US\",\"potentialAction\":[{\"@type\":\"ReadAction\",\"target\":[\"https:\\\/\\\/www.brottsofferjouren.se\\\/en\\\/om-oss\\\/\"]}]},{\"@type\":\"ImageObject\",\"inLanguage\":\"en-US\",\"@id\":\"https:\\\/\\\/www.brottsofferjouren.se\\\/en\\\/om-oss\\\/#primaryimage\",\"url\":\"https:\\\/\\\/www.brottsofferjouren.se\\\/wp-content\\\/uploads\\\/2020\\\/11\\\/matt-nelson-2Rb2I8TZ6O8-unsplash-1024x702.jpg\",\"contentUrl\":\"https:\\\/\\\/www.brottsofferjouren.se\\\/wp-content\\\/uploads\\\/2020\\\/11\\\/matt-nelson-2Rb2I8TZ6O8-unsplash-1024x702.jpg\"},{\"@type\":\"BreadcrumbList\",\"@id\":\"https:\\\/\\\/www.brottsofferjouren.se\\\/en\\\/om-oss\\\/#breadcrumb\",\"itemListElement\":[{\"@type\":\"ListItem\",\"position\":1,\"name\":\"Hem\",\"item\":\"https:\\\/\\\/www.brottsofferjouren.se\\\/en\\\/\"},{\"@type\":\"ListItem\",\"position\":2,\"name\":\"About us\"}]},{\"@type\":\"WebSite\",\"@id\":\"https:\\\/\\\/www.brottsofferjouren.se\\\/#website\",\"url\":\"https:\\\/\\\/www.brottsofferjouren.se\\\/\",\"name\":\"BOJ\",\"description\":\"St\u00f6d som ger kraft\",\"publisher\":{\"@id\":\"https:\\\/\\\/www.brottsofferjouren.se\\\/#organization\"},\"potentialAction\":[{\"@type\":\"SearchAction\",\"target\":{\"@type\":\"EntryPoint\",\"urlTemplate\":\"https:\\\/\\\/www.brottsofferjouren.se\\\/?s={search_term_string}\"},\"query-input\":{\"@type\":\"PropertyValueSpecification\",\"valueRequired\":true,\"valueName\":\"search_term_string\"}}],\"inLanguage\":\"en-US\"},{\"@type\":\"Organization\",\"@id\":\"https:\\\/\\\/www.brottsofferjouren.se\\\/#organization\",\"name\":\"Brottsofferjouren\",\"url\":\"https:\\\/\\\/www.brottsofferjouren.se\\\/\",\"logo\":{\"@type\":\"ImageObject\",\"inLanguage\":\"en-US\",\"@id\":\"https:\\\/\\\/www.brottsofferjouren.se\\\/#\\\/schema\\\/logo\\\/image\\\/\",\"url\":\"https:\\\/\\\/www.brottsofferjouren.se\\\/wp-content\\\/uploads\\\/2022\\\/06\\\/logo-mail.png\",\"contentUrl\":\"https:\\\/\\\/www.brottsofferjouren.se\\\/wp-content\\\/uploads\\\/2022\\\/06\\\/logo-mail.png\",\"width\":200,\"height\":150,\"caption\":\"Brottsofferjouren\"},\"image\":{\"@id\":\"https:\\\/\\\/www.brottsofferjouren.se\\\/#\\\/schema\\\/logo\\\/image\\\/\"},\"sameAs\":[\"https:\\\/\\\/www.facebook.com\\\/BrottsofferjourenSverige\\\/\",\"https:\\\/\\\/x.com\\\/brottsofferjour\",\"https:\\\/\\\/www.instagram.com\\\/brottsofferjourensverige\\\/\",\"https:\\\/\\\/www.linkedin.com\\\/company\\\/brottsofferjourernas-riksf-rbund\\\/?viewAsMember=true\"]}]}<\/script>\n<!-- \/ Yoast SEO plugin. -->","yoast_head_json":{"title":"About us - BOJ","description":"Brottsofferjouren \u00e4r en politiskt och religi\u00f6st obunden ideell organisation som ger st\u00f6d till brottsoffer, vittnen och anh\u00f6riga.","robots":{"index":"index","follow":"follow","max-snippet":"max-snippet:-1","max-image-preview":"max-image-preview:large","max-video-preview":"max-video-preview:-1"},"canonical":"https:\/\/www.brottsofferjouren.se\/en\/om-oss\/","og_locale":"en_US","og_type":"article","og_title":"About us - BOJ","og_description":"Brottsofferjouren \u00e4r en politiskt och religi\u00f6st obunden ideell organisation som ger st\u00f6d till brottsoffer, vittnen och anh\u00f6riga.","og_url":"https:\/\/www.brottsofferjouren.se\/en\/om-oss\/","og_site_name":"BOJ","article_publisher":"https:\/\/www.facebook.com\/BrottsofferjourenSverige\/","article_modified_time":"2021-05-05T11:10:50+00:00","og_image":[{"url":"https:\/\/www.brottsofferjouren.se\/wp-content\/uploads\/2020\/11\/matt-nelson-2Rb2I8TZ6O8-unsplash-1024x702.jpg","type":"","width":"","height":""}],"twitter_card":"summary_large_image","twitter_site":"@brottsofferjour","twitter_misc":{"Est. reading time":"2 minutes"},"schema":{"@context":"https:\/\/schema.org","@graph":[{"@type":"WebPage","@id":"https:\/\/www.brottsofferjouren.se\/en\/om-oss\/","url":"https:\/\/www.brottsofferjouren.se\/en\/om-oss\/","name":"About us - BOJ","isPartOf":{"@id":"https:\/\/www.brottsofferjouren.se\/#website"},"primaryImageOfPage":{"@id":"https:\/\/www.brottsofferjouren.se\/en\/om-oss\/#primaryimage"},"image":{"@id":"https:\/\/www.brottsofferjouren.se\/en\/om-oss\/#primaryimage"},"thumbnailUrl":"https:\/\/www.brottsofferjouren.se\/wp-content\/uploads\/2020\/11\/matt-nelson-2Rb2I8TZ6O8-unsplash-1024x702.jpg","datePublished":"2020-10-15T08:21:44+00:00","dateModified":"2021-05-05T11:10:50+00:00","description":"Brottsofferjouren \u00e4r en politiskt och religi\u00f6st obunden ideell organisation som ger st\u00f6d till brottsoffer, vittnen och anh\u00f6riga.","breadcrumb":{"@id":"https:\/\/www.brottsofferjouren.se\/en\/om-oss\/#breadcrumb"},"inLanguage":"en-US","potentialAction":[{"@type":"ReadAction","target":["https:\/\/www.brottsofferjouren.se\/en\/om-oss\/"]}]},{"@type":"ImageObject","inLanguage":"en-US","@id":"https:\/\/www.brottsofferjouren.se\/en\/om-oss\/#primaryimage","url":"https:\/\/www.brottsofferjouren.se\/wp-content\/uploads\/2020\/11\/matt-nelson-2Rb2I8TZ6O8-unsplash-1024x702.jpg","contentUrl":"https:\/\/www.brottsofferjouren.se\/wp-content\/uploads\/2020\/11\/matt-nelson-2Rb2I8TZ6O8-unsplash-1024x702.jpg"},{"@type":"BreadcrumbList","@id":"https:\/\/www.brottsofferjouren.se\/en\/om-oss\/#breadcrumb","itemListElement":[{"@type":"ListItem","position":1,"name":"Hem","item":"https:\/\/www.brottsofferjouren.se\/en\/"},{"@type":"ListItem","position":2,"name":"About us"}]},{"@type":"WebSite","@id":"https:\/\/www.brottsofferjouren.se\/#website","url":"https:\/\/www.brottsofferjouren.se\/","name":"BOJ","description":"St\u00f6d som ger kraft","publisher":{"@id":"https:\/\/www.brottsofferjouren.se\/#organization"},"potentialAction":[{"@type":"SearchAction","target":{"@type":"EntryPoint","urlTemplate":"https:\/\/www.brottsofferjouren.se\/?s={search_term_string}"},"query-input":{"@type":"PropertyValueSpecification","valueRequired":true,"valueName":"search_term_string"}}],"inLanguage":"en-US"},{"@type":"Organization","@id":"https:\/\/www.brottsofferjouren.se\/#organization","name":"Brottsofferjouren","url":"https:\/\/www.brottsofferjouren.se\/","logo":{"@type":"ImageObject","inLanguage":"en-US","@id":"https:\/\/www.brottsofferjouren.se\/#\/schema\/logo\/image\/","url":"https:\/\/www.brottsofferjouren.se\/wp-content\/uploads\/2022\/06\/logo-mail.png","contentUrl":"https:\/\/www.brottsofferjouren.se\/wp-content\/uploads\/2022\/06\/logo-mail.png","width":200,"height":150,"caption":"Brottsofferjouren"},"image":{"@id":"https:\/\/www.brottsofferjouren.se\/#\/schema\/logo\/image\/"},"sameAs":["https:\/\/www.facebook.com\/BrottsofferjourenSverige\/","https:\/\/x.com\/brottsofferjour","https:\/\/www.instagram.com\/brottsofferjourensverige\/","https:\/\/www.linkedin.com\/company\/brottsofferjourernas-riksf-rbund\/?viewAsMember=true"]}]}},"_links":{"self":[{"href":"https:\/\/www.brottsofferjouren.se\/en\/wp-json\/wp\/v2\/pages\/2522","targetHints":{"allow":["GET"]}}],"collection":[{"href":"https:\/\/www.brottsofferjouren.se\/en\/wp-json\/wp\/v2\/pages"}],"about":[{"href":"https:\/\/www.brottsofferjouren.se\/en\/wp-json\/wp\/v2\/types\/page"}],"author":[{"embeddable":true,"href":"https:\/\/www.brottsofferjouren.se\/en\/wp-json\/wp\/v2\/users\/4"}],"replies":[{"embeddable":true,"href":"https:\/\/www.brottsofferjouren.se\/en\/wp-json\/wp\/v2\/comments?post=2522"}],"version-history":[{"count":4,"href":"https:\/\/www.brottsofferjouren.se\/en\/wp-json\/wp\/v2\/pages\/2522\/revisions"}],"predecessor-version":[{"id":5002,"href":"https:\/\/www.brottsofferjouren.se\/en\/wp-json\/wp\/v2\/pages\/2522\/revisions\/5002"}],"wp:attachment":[{"href":"https:\/\/www.brottsofferjouren.se\/en\/wp-json\/wp\/v2\/media?parent=2522"}],"curies":[{"name":"wp","href":"https:\/\/api.w.org\/{rel}","templated":true}]}}