{"id":2396,"date":"2020-10-15T13:22:58","date_gmt":"2020-10-15T11:22:58","guid":{"rendered":"https:\/\/www.brottsofferjouren.se\/var-historia\/"},"modified":"2021-02-24T14:51:39","modified_gmt":"2021-02-24T13:51:39","slug":"var-historia","status":"publish","type":"page","link":"https:\/\/www.brottsofferjouren.se\/en\/om-oss\/var-historia\/","title":{"rendered":"History of Victim Support Sweden"},"content":{"rendered":"\n<h2 class=\"wp-block-heading\">How Victim Support Sweden was founded<\/h2>\n\n\n\n<p>&#8220;There is a lot of talk about the perpetrators. There&#8217;s nothing wrong with that, but the victims of crime have been completely forgotten.&#8221; The words are those of police officer Per Svensson and the year is 1985. Together with the deaconess Saara B\u00e4ckman, Svensson tells the local newspaper in S\u00f6dert\u00e4lje, how they founded &#8220;Support for Victims of Crime&#8221; a year earlier &#8211; the first victim support centre in Sweden. As a neighbourhood police in the district of Hovsj\u00f6 in S\u00f6dert\u00e4lje, Per Svensson had seen a need in victims of crime which he couldn&#8217;t solve in his professional role.<\/p>\n\n\n\n<p>&#8220;As a police officer, you&#8217;re usually too busy to take the time to stay with the victims of crime and listen to their needs&#8221;, Svensson told the local press. He met people who needed someone to talk to, but who also often times needed advice on how to fill out insurance claims or write applications for economic compensation for damages..<\/p>\n\n\n\n<figure class=\"wp-block-image size-large\"><img loading=\"lazy\" decoding=\"async\" width=\"1024\" height=\"960\" src=\"https:\/\/www.brottsofferjouren.se\/wp-content\/uploads\/2020\/10\/LT_Sodertalje_83-11-01_Foto_Pether_Engstrom-1024x960.jpg\" alt=\"Foto: Pether Engstr\u00f6m, L\u00e4nstidningen i S\u00f6dert\u00e4lje, 1983\" class=\"wp-image-659\" srcset=\"https:\/\/www.brottsofferjouren.se\/wp-content\/uploads\/2020\/10\/LT_Sodertalje_83-11-01_Foto_Pether_Engstrom-1024x960.jpg 1024w, https:\/\/www.brottsofferjouren.se\/wp-content\/uploads\/2020\/10\/LT_Sodertalje_83-11-01_Foto_Pether_Engstrom-300x281.jpg 300w, https:\/\/www.brottsofferjouren.se\/wp-content\/uploads\/2020\/10\/LT_Sodertalje_83-11-01_Foto_Pether_Engstrom-768x720.jpg 768w, https:\/\/www.brottsofferjouren.se\/wp-content\/uploads\/2020\/10\/LT_Sodertalje_83-11-01_Foto_Pether_Engstrom-735x689.jpg 735w, https:\/\/www.brottsofferjouren.se\/wp-content\/uploads\/2020\/10\/LT_Sodertalje_83-11-01_Foto_Pether_Engstrom-500x469.jpg 500w, https:\/\/www.brottsofferjouren.se\/wp-content\/uploads\/2020\/10\/LT_Sodertalje_83-11-01_Foto_Pether_Engstrom.jpg 1512w\" sizes=\"auto, (max-width: 1024px) 100vw, 1024px\" \/><figcaption>Photo: Pether Engstr\u00f6m, L\u00e4nstidningen i S\u00f6dert\u00e4lje, 1983<\/figcaption><\/figure>\n\n\n\n<p>The idea for Victim Support Sweden came from a newspaper article about how the Red Cross provided victim support at a neighbourhood police venue in the Stockholm area. Per Svensson got in touch with them, but got the response that they lacked the resources to start a similar initiative in S\u00f6dert\u00e4lje. Instead, Svensson decided to take the matter into his own hands. The Deaconess, Saara B\u00e4ckman, who was involved in the then recently founded women&#8217;s shelter in S\u00f6dert\u00e4lje, came to his aid. <\/p>\n\n\n\n<blockquote class=\"wp-block-quote is-layout-flow wp-block-quote-is-layout-flow\"><p>I was just as excited by the idea. The people who have been victims of crime are a forgotten group. They&#8217;re often upset and chocked after having been victims of apartment burglars, purse robbers or other perpetrators.<\/p><cite>Saara B\u00e4ckman to the local newspaper<\/cite><\/blockquote>\n\n\n\n<p>The idea was then approved by the police management who were positive and allowed the victim support centre to use a room in one of the police facilities in Hovsj\u00f6. A phone was provided by the local church. Per Svensson and Saara B\u00e4ckman recruited volunteers and soon there were around ten volunteers who every Thursday took turns answering incoming calls. <\/p>\n\n\n\n<p>At the time, there were already two functions which offered support to victims of crime in Sweden &#8211; in Sweden and in Malm\u00f6 &#8211; but the Victim Support Centre in S\u00f6dert\u00e4lje was the first non-profit organisation. <\/p>\n\n\n\n<p>&#8220;Our hope is that Victim Support Sweden (BOJ for short in Swedish) will expand to more municipalities, so that we can become a life boat for any one who has been the victim of a crime, Saara B\u00e4ckman told S\u00f6rmland news in 1984.<\/p>\n\n\n\n<p>And so it was. In 1988, five victim support centres became the Victim Support Centres national federation, which today is called Victim Support Sweden. Thirty years later there are around 70 local centres with hundreds of local offices all around Sweden.<\/p>\n\n\n\n<p><\/p>\n\n\n\n<p>Original text: Amanda S\u00e4fstr\u00f6m Translation: Rebecka Dur\u00e9n<br><\/p>\n","protected":false},"excerpt":{"rendered":"<p>How Victim Support Sweden was founded &#8220;There is a lot of talk about the perpetrators. There&#8217;s nothing wrong with that, but the victims of crime have been completely forgotten.&#8221; The words are those of police officer Per Svensson and the year is 1985. Together with the deaconess Saara B\u00e4ckman, Svensson tells the local newspaper in [&hellip;]<\/p>\n","protected":false},"author":4,"featured_media":14370,"parent":2522,"menu_order":140,"comment_status":"closed","ping_status":"closed","template":"","meta":{"_acf_changed":false,"_relevanssi_hide_post":"","_relevanssi_hide_content":"","_relevanssi_pin_for_all":"","_relevanssi_pin_keywords":"","_relevanssi_unpin_keywords":"","_relevanssi_related_keywords":"","_relevanssi_related_include_ids":"","_relevanssi_related_exclude_ids":"","_relevanssi_related_no_append":"","_relevanssi_related_not_related":"","_relevanssi_related_posts":"98,89,109,60,77,71","_relevanssi_noindex_reason":"","footnotes":""},"class_list":["post-2396","page","type-page","status-publish","has-post-thumbnail","hentry"],"acf":[],"yoast_head":"<!-- This site is optimized with the Yoast SEO plugin v27.3 - https:\/\/yoast.com\/product\/yoast-seo-wordpress\/ -->\n<title>History of Victim Support Sweden - BOJ<\/title>\n<meta name=\"description\" content=\"Id\u00e9n till Brottsofferjouren v\u00e4cktes av en tidningsartikel om hur R\u00f6da korset gav brottsofferst\u00f6d vid en polislokal i Stockholmsomr\u00e5det.\" \/>\n<meta name=\"robots\" content=\"index, follow, max-snippet:-1, max-image-preview:large, max-video-preview:-1\" \/>\n<link rel=\"canonical\" href=\"https:\/\/www.brottsofferjouren.se\/en\/om-oss\/var-historia\/\" \/>\n<meta property=\"og:locale\" content=\"en_US\" \/>\n<meta property=\"og:type\" content=\"article\" \/>\n<meta property=\"og:title\" content=\"History of Victim Support Sweden - BOJ\" \/>\n<meta property=\"og:description\" content=\"Id\u00e9n till Brottsofferjouren v\u00e4cktes av en tidningsartikel om hur R\u00f6da korset gav brottsofferst\u00f6d vid en polislokal i Stockholmsomr\u00e5det.\" \/>\n<meta property=\"og:url\" content=\"https:\/\/www.brottsofferjouren.se\/en\/om-oss\/var-historia\/\" \/>\n<meta property=\"og:site_name\" content=\"BOJ\" \/>\n<meta property=\"article:publisher\" content=\"https:\/\/www.facebook.com\/BrottsofferjourenSverige\/\" \/>\n<meta property=\"article:modified_time\" content=\"2021-02-24T13:51:39+00:00\" \/>\n<meta property=\"og:image\" content=\"https:\/\/www.brottsofferjouren.se\/wp-content\/uploads\/2020\/10\/LT_Sodertalje_83-11-01_Foto_Pether_Engstrom-1024x960.jpg\" \/>\n<meta name=\"twitter:card\" content=\"summary_large_image\" \/>\n<meta name=\"twitter:site\" content=\"@brottsofferjour\" \/>\n<meta name=\"twitter:label1\" content=\"Est. reading time\" \/>\n\t<meta name=\"twitter:data1\" content=\"3 minutes\" \/>\n<script type=\"application\/ld+json\" class=\"yoast-schema-graph\">{\"@context\":\"https:\\\/\\\/schema.org\",\"@graph\":[{\"@type\":\"WebPage\",\"@id\":\"https:\\\/\\\/www.brottsofferjouren.se\\\/en\\\/om-oss\\\/var-historia\\\/\",\"url\":\"https:\\\/\\\/www.brottsofferjouren.se\\\/en\\\/om-oss\\\/var-historia\\\/\",\"name\":\"History of Victim Support Sweden - BOJ\",\"isPartOf\":{\"@id\":\"https:\\\/\\\/www.brottsofferjouren.se\\\/#website\"},\"primaryImageOfPage\":{\"@id\":\"https:\\\/\\\/www.brottsofferjouren.se\\\/en\\\/om-oss\\\/var-historia\\\/#primaryimage\"},\"image\":{\"@id\":\"https:\\\/\\\/www.brottsofferjouren.se\\\/en\\\/om-oss\\\/var-historia\\\/#primaryimage\"},\"thumbnailUrl\":\"https:\\\/\\\/www.brottsofferjouren.se\\\/wp-content\\\/uploads\\\/2024\\\/11\\\/Bjorn-Lagerback_IBD_RGB.jpg\",\"datePublished\":\"2020-10-15T11:22:58+00:00\",\"dateModified\":\"2021-02-24T13:51:39+00:00\",\"description\":\"Id\u00e9n till Brottsofferjouren v\u00e4cktes av en tidningsartikel om hur R\u00f6da korset gav brottsofferst\u00f6d vid en polislokal i Stockholmsomr\u00e5det.\",\"breadcrumb\":{\"@id\":\"https:\\\/\\\/www.brottsofferjouren.se\\\/en\\\/om-oss\\\/var-historia\\\/#breadcrumb\"},\"inLanguage\":\"en-US\",\"potentialAction\":[{\"@type\":\"ReadAction\",\"target\":[\"https:\\\/\\\/www.brottsofferjouren.se\\\/en\\\/om-oss\\\/var-historia\\\/\"]}]},{\"@type\":\"ImageObject\",\"inLanguage\":\"en-US\",\"@id\":\"https:\\\/\\\/www.brottsofferjouren.se\\\/en\\\/om-oss\\\/var-historia\\\/#primaryimage\",\"url\":\"https:\\\/\\\/www.brottsofferjouren.se\\\/wp-content\\\/uploads\\\/2024\\\/11\\\/Bjorn-Lagerback_IBD_RGB.jpg\",\"contentUrl\":\"https:\\\/\\\/www.brottsofferjouren.se\\\/wp-content\\\/uploads\\\/2024\\\/11\\\/Bjorn-Lagerback_IBD_RGB.jpg\",\"width\":1972,\"height\":1277,\"caption\":\"Bj\u00f6rn Lagerb\u00e4ck, d\u00e5varande f\u00f6rbundsordf\u00f6rande och initiativtagare till Internationella Brottsofferdagen som instiftas 1989, t\u00e4nder ljus f\u00f6r brottsutsatta p\u00e5 Sergels torg i Stockholm.\"},{\"@type\":\"BreadcrumbList\",\"@id\":\"https:\\\/\\\/www.brottsofferjouren.se\\\/en\\\/om-oss\\\/var-historia\\\/#breadcrumb\",\"itemListElement\":[{\"@type\":\"ListItem\",\"position\":1,\"name\":\"Hem\",\"item\":\"https:\\\/\\\/www.brottsofferjouren.se\\\/en\\\/\"},{\"@type\":\"ListItem\",\"position\":2,\"name\":\"About us\",\"item\":\"https:\\\/\\\/www.brottsofferjouren.se\\\/en\\\/om-oss\\\/\"},{\"@type\":\"ListItem\",\"position\":3,\"name\":\"History of Victim Support Sweden\"}]},{\"@type\":\"WebSite\",\"@id\":\"https:\\\/\\\/www.brottsofferjouren.se\\\/#website\",\"url\":\"https:\\\/\\\/www.brottsofferjouren.se\\\/\",\"name\":\"BOJ\",\"description\":\"St\u00f6d som ger kraft\",\"publisher\":{\"@id\":\"https:\\\/\\\/www.brottsofferjouren.se\\\/#organization\"},\"potentialAction\":[{\"@type\":\"SearchAction\",\"target\":{\"@type\":\"EntryPoint\",\"urlTemplate\":\"https:\\\/\\\/www.brottsofferjouren.se\\\/?s={search_term_string}\"},\"query-input\":{\"@type\":\"PropertyValueSpecification\",\"valueRequired\":true,\"valueName\":\"search_term_string\"}}],\"inLanguage\":\"en-US\"},{\"@type\":\"Organization\",\"@id\":\"https:\\\/\\\/www.brottsofferjouren.se\\\/#organization\",\"name\":\"Brottsofferjouren\",\"url\":\"https:\\\/\\\/www.brottsofferjouren.se\\\/\",\"logo\":{\"@type\":\"ImageObject\",\"inLanguage\":\"en-US\",\"@id\":\"https:\\\/\\\/www.brottsofferjouren.se\\\/#\\\/schema\\\/logo\\\/image\\\/\",\"url\":\"https:\\\/\\\/www.brottsofferjouren.se\\\/wp-content\\\/uploads\\\/2022\\\/06\\\/logo-mail.png\",\"contentUrl\":\"https:\\\/\\\/www.brottsofferjouren.se\\\/wp-content\\\/uploads\\\/2022\\\/06\\\/logo-mail.png\",\"width\":200,\"height\":150,\"caption\":\"Brottsofferjouren\"},\"image\":{\"@id\":\"https:\\\/\\\/www.brottsofferjouren.se\\\/#\\\/schema\\\/logo\\\/image\\\/\"},\"sameAs\":[\"https:\\\/\\\/www.facebook.com\\\/BrottsofferjourenSverige\\\/\",\"https:\\\/\\\/x.com\\\/brottsofferjour\",\"https:\\\/\\\/www.instagram.com\\\/brottsofferjourensverige\\\/\",\"https:\\\/\\\/www.linkedin.com\\\/company\\\/brottsofferjourernas-riksf-rbund\\\/?viewAsMember=true\"]}]}<\/script>\n<!-- \/ Yoast SEO plugin. -->","yoast_head_json":{"title":"History of Victim Support Sweden - BOJ","description":"Id\u00e9n till Brottsofferjouren v\u00e4cktes av en tidningsartikel om hur R\u00f6da korset gav brottsofferst\u00f6d vid en polislokal i Stockholmsomr\u00e5det.","robots":{"index":"index","follow":"follow","max-snippet":"max-snippet:-1","max-image-preview":"max-image-preview:large","max-video-preview":"max-video-preview:-1"},"canonical":"https:\/\/www.brottsofferjouren.se\/en\/om-oss\/var-historia\/","og_locale":"en_US","og_type":"article","og_title":"History of Victim Support Sweden - BOJ","og_description":"Id\u00e9n till Brottsofferjouren v\u00e4cktes av en tidningsartikel om hur R\u00f6da korset gav brottsofferst\u00f6d vid en polislokal i Stockholmsomr\u00e5det.","og_url":"https:\/\/www.brottsofferjouren.se\/en\/om-oss\/var-historia\/","og_site_name":"BOJ","article_publisher":"https:\/\/www.facebook.com\/BrottsofferjourenSverige\/","article_modified_time":"2021-02-24T13:51:39+00:00","og_image":[{"url":"https:\/\/www.brottsofferjouren.se\/wp-content\/uploads\/2020\/10\/LT_Sodertalje_83-11-01_Foto_Pether_Engstrom-1024x960.jpg","type":"","width":"","height":""}],"twitter_card":"summary_large_image","twitter_site":"@brottsofferjour","twitter_misc":{"Est. reading time":"3 minutes"},"schema":{"@context":"https:\/\/schema.org","@graph":[{"@type":"WebPage","@id":"https:\/\/www.brottsofferjouren.se\/en\/om-oss\/var-historia\/","url":"https:\/\/www.brottsofferjouren.se\/en\/om-oss\/var-historia\/","name":"History of Victim Support Sweden - BOJ","isPartOf":{"@id":"https:\/\/www.brottsofferjouren.se\/#website"},"primaryImageOfPage":{"@id":"https:\/\/www.brottsofferjouren.se\/en\/om-oss\/var-historia\/#primaryimage"},"image":{"@id":"https:\/\/www.brottsofferjouren.se\/en\/om-oss\/var-historia\/#primaryimage"},"thumbnailUrl":"https:\/\/www.brottsofferjouren.se\/wp-content\/uploads\/2024\/11\/Bjorn-Lagerback_IBD_RGB.jpg","datePublished":"2020-10-15T11:22:58+00:00","dateModified":"2021-02-24T13:51:39+00:00","description":"Id\u00e9n till Brottsofferjouren v\u00e4cktes av en tidningsartikel om hur R\u00f6da korset gav brottsofferst\u00f6d vid en polislokal i Stockholmsomr\u00e5det.","breadcrumb":{"@id":"https:\/\/www.brottsofferjouren.se\/en\/om-oss\/var-historia\/#breadcrumb"},"inLanguage":"en-US","potentialAction":[{"@type":"ReadAction","target":["https:\/\/www.brottsofferjouren.se\/en\/om-oss\/var-historia\/"]}]},{"@type":"ImageObject","inLanguage":"en-US","@id":"https:\/\/www.brottsofferjouren.se\/en\/om-oss\/var-historia\/#primaryimage","url":"https:\/\/www.brottsofferjouren.se\/wp-content\/uploads\/2024\/11\/Bjorn-Lagerback_IBD_RGB.jpg","contentUrl":"https:\/\/www.brottsofferjouren.se\/wp-content\/uploads\/2024\/11\/Bjorn-Lagerback_IBD_RGB.jpg","width":1972,"height":1277,"caption":"Bj\u00f6rn Lagerb\u00e4ck, d\u00e5varande f\u00f6rbundsordf\u00f6rande och initiativtagare till Internationella Brottsofferdagen som instiftas 1989, t\u00e4nder ljus f\u00f6r brottsutsatta p\u00e5 Sergels torg i Stockholm."},{"@type":"BreadcrumbList","@id":"https:\/\/www.brottsofferjouren.se\/en\/om-oss\/var-historia\/#breadcrumb","itemListElement":[{"@type":"ListItem","position":1,"name":"Hem","item":"https:\/\/www.brottsofferjouren.se\/en\/"},{"@type":"ListItem","position":2,"name":"About us","item":"https:\/\/www.brottsofferjouren.se\/en\/om-oss\/"},{"@type":"ListItem","position":3,"name":"History of Victim Support Sweden"}]},{"@type":"WebSite","@id":"https:\/\/www.brottsofferjouren.se\/#website","url":"https:\/\/www.brottsofferjouren.se\/","name":"BOJ","description":"St\u00f6d som ger kraft","publisher":{"@id":"https:\/\/www.brottsofferjouren.se\/#organization"},"potentialAction":[{"@type":"SearchAction","target":{"@type":"EntryPoint","urlTemplate":"https:\/\/www.brottsofferjouren.se\/?s={search_term_string}"},"query-input":{"@type":"PropertyValueSpecification","valueRequired":true,"valueName":"search_term_string"}}],"inLanguage":"en-US"},{"@type":"Organization","@id":"https:\/\/www.brottsofferjouren.se\/#organization","name":"Brottsofferjouren","url":"https:\/\/www.brottsofferjouren.se\/","logo":{"@type":"ImageObject","inLanguage":"en-US","@id":"https:\/\/www.brottsofferjouren.se\/#\/schema\/logo\/image\/","url":"https:\/\/www.brottsofferjouren.se\/wp-content\/uploads\/2022\/06\/logo-mail.png","contentUrl":"https:\/\/www.brottsofferjouren.se\/wp-content\/uploads\/2022\/06\/logo-mail.png","width":200,"height":150,"caption":"Brottsofferjouren"},"image":{"@id":"https:\/\/www.brottsofferjouren.se\/#\/schema\/logo\/image\/"},"sameAs":["https:\/\/www.facebook.com\/BrottsofferjourenSverige\/","https:\/\/x.com\/brottsofferjour","https:\/\/www.instagram.com\/brottsofferjourensverige\/","https:\/\/www.linkedin.com\/company\/brottsofferjourernas-riksf-rbund\/?viewAsMember=true"]}]}},"_links":{"self":[{"href":"https:\/\/www.brottsofferjouren.se\/en\/wp-json\/wp\/v2\/pages\/2396","targetHints":{"allow":["GET"]}}],"collection":[{"href":"https:\/\/www.brottsofferjouren.se\/en\/wp-json\/wp\/v2\/pages"}],"about":[{"href":"https:\/\/www.brottsofferjouren.se\/en\/wp-json\/wp\/v2\/types\/page"}],"author":[{"embeddable":true,"href":"https:\/\/www.brottsofferjouren.se\/en\/wp-json\/wp\/v2\/users\/4"}],"replies":[{"embeddable":true,"href":"https:\/\/www.brottsofferjouren.se\/en\/wp-json\/wp\/v2\/comments?post=2396"}],"version-history":[{"count":5,"href":"https:\/\/www.brottsofferjouren.se\/en\/wp-json\/wp\/v2\/pages\/2396\/revisions"}],"predecessor-version":[{"id":4142,"href":"https:\/\/www.brottsofferjouren.se\/en\/wp-json\/wp\/v2\/pages\/2396\/revisions\/4142"}],"up":[{"embeddable":true,"href":"https:\/\/www.brottsofferjouren.se\/en\/wp-json\/wp\/v2\/pages\/2522"}],"wp:featuredmedia":[{"embeddable":true,"href":"https:\/\/www.brottsofferjouren.se\/en\/wp-json\/wp\/v2\/media\/14370"}],"wp:attachment":[{"href":"https:\/\/www.brottsofferjouren.se\/en\/wp-json\/wp\/v2\/media?parent=2396"}],"curies":[{"name":"wp","href":"https:\/\/api.w.org\/{rel}","templated":true}]}}