{"id":2316,"date":"2020-12-03T08:55:11","date_gmt":"2020-12-03T07:55:11","guid":{"rendered":"https:\/\/www.brottsofferjouren.se\/stod-pa-eget-sprak-support-in-your-own-language\/"},"modified":"2022-04-21T13:32:08","modified_gmt":"2022-04-21T11:32:08","slug":"stod-pa-eget-sprak-support-in-your-own-language","status":"publish","type":"page","link":"https:\/\/www.brottsofferjouren.se\/en\/victim-support\/stod-pa-eget-sprak-support-in-your-own-language\/","title":{"rendered":"Support in your own language"},"content":{"rendered":"\n<figure class=\"wp-block-image size-full\"><img loading=\"lazy\" decoding=\"async\" width=\"770\" height=\"520\" src=\"https:\/\/www.brottsofferjouren.se\/wp-content\/uploads\/2021\/08\/vittnesstod-nya-bildbanken.png\" alt=\"\" class=\"wp-image-5606\" srcset=\"https:\/\/www.brottsofferjouren.se\/wp-content\/uploads\/2021\/08\/vittnesstod-nya-bildbanken.png 770w, https:\/\/www.brottsofferjouren.se\/wp-content\/uploads\/2021\/08\/vittnesstod-nya-bildbanken-300x203.png 300w, https:\/\/www.brottsofferjouren.se\/wp-content\/uploads\/2021\/08\/vittnesstod-nya-bildbanken-768x519.png 768w, https:\/\/www.brottsofferjouren.se\/wp-content\/uploads\/2021\/08\/vittnesstod-nya-bildbanken-735x496.png 735w, https:\/\/www.brottsofferjouren.se\/wp-content\/uploads\/2021\/08\/vittnesstod-nya-bildbanken-500x338.png 500w\" sizes=\"auto, (max-width: 770px) 100vw, 770px\" \/><\/figure>\n\n\n\n<p>If you&#8217;ve been a victim of a crime or have been affected by a crime committed against someone you know, we have trained volunteers to&nbsp;help you.<\/p>\n\n\n\n<h3 class=\"wp-block-heading\">We offer:<\/h3>\n\n\n\n<ul class=\"wp-block-list\"><li><strong>Emotional support.<\/strong>&nbsp;We listen and talk to you and we won&#8217;t tell anyone what you say to us.<\/li><li><strong>Practical help.<\/strong>&nbsp;We can help you with paperwork and forms and contacts.<\/li><li><strong>Information.&nbsp;<\/strong>We can give information about police report and investigation and legal proceedings<\/li><li>Information about and&nbsp;<strong>help to apply for crime victim compensation<\/strong>&nbsp;and criminal injuries compensation<\/li><\/ul>\n\n\n\n<p>All our help is free and available to everyone, whether or not the crime has been reported and regardless of when it happened. We won\u2019t tell anyone what you say to us. Everyone who works for us has given a pledge of confidentiality.<\/p>\n\n\n\n<div class=\"wp-block-buttons is-layout-flex wp-block-buttons-is-layout-flex\">\n<div class=\"wp-block-button\"><a class=\"wp-block-button__link\" href=\"https:\/\/www.brottsofferjouren.se\/en\/victim-support\/stod-pa-eget-sprak-support-in-your-own-language\/languages-we-offer-support-in\/\">Learn about what languages we offer support in<\/a><\/div>\n<\/div>\n\n\n\n<p><\/p>\n\n\n\n<h2 class=\"wp-block-heading\">Call us for support<\/h2>\n\n\n\n<p>Find your\u00a0<a href=\"http:\/\/www.brottsofferjouren.se\/hjalp-och-stod\/hitta-en-brottsofferjour-nara-dig\/\">local victim support centre<\/a>\u00a0or call our national supportline at\u00a0<strong>116 006<\/strong>\u00a0(Swedish or English). You can then through us\u00a0get in touch with a volunteer who speaks your language.\u00a0<\/p>\n\n\n\n<p><strong>Opening hours:<\/strong><\/p>\n\n\n\n<p>Monday to Friday&nbsp;9:00 am &#8211; 7:00 pm.<br>During holidays the opening hours can be different.<\/p>\n\n\n\n<p>At&nbsp;<a href=\"http:\/\/www.brottsoffermyndigheten.se\/eng\">The Swedish Crime Victim Compensation and Support Authority<\/a>&nbsp;you can read more about help for victims.<\/p>\n","protected":false},"excerpt":{"rendered":"<p>If you&#8217;ve been a victim of a crime or have been affected by a crime committed against someone you know, we have trained volunteers to&nbsp;help you. We offer: Emotional support.&nbsp;We listen and talk to you and we won&#8217;t tell anyone what you say to us.Practical help.&nbsp;We can help you with paperwork and forms and contacts.Information.&nbsp;We [&hellip;]<\/p>\n","protected":false},"author":4,"featured_media":5606,"parent":2836,"menu_order":153,"comment_status":"closed","ping_status":"closed","template":"","meta":{"_acf_changed":false,"_relevanssi_hide_post":"","_relevanssi_hide_content":"","_relevanssi_pin_for_all":"","_relevanssi_pin_keywords":"","_relevanssi_unpin_keywords":"","_relevanssi_related_keywords":"","_relevanssi_related_include_ids":"","_relevanssi_related_exclude_ids":"","_relevanssi_related_no_append":"","_relevanssi_related_not_related":"","_relevanssi_related_posts":"1944,1930,975,1889,1838,1748","_relevanssi_noindex_reason":"","footnotes":""},"class_list":["post-2316","page","type-page","status-publish","has-post-thumbnail","hentry"],"acf":[],"yoast_head":"<!-- This site is optimized with the Yoast SEO plugin v27.3 - https:\/\/yoast.com\/product\/yoast-seo-wordpress\/ -->\n<title>Support in your own language - BOJ<\/title>\n<meta name=\"robots\" content=\"index, follow, max-snippet:-1, max-image-preview:large, max-video-preview:-1\" \/>\n<link rel=\"canonical\" href=\"https:\/\/www.brottsofferjouren.se\/en\/victim-support\/stod-pa-eget-sprak-support-in-your-own-language\/\" \/>\n<meta property=\"og:locale\" content=\"en_US\" \/>\n<meta property=\"og:type\" content=\"article\" \/>\n<meta property=\"og:title\" content=\"Support in your own language - BOJ\" \/>\n<meta property=\"og:description\" content=\"If you&#8217;ve been a victim of a crime or have been affected by a crime committed against someone you know, we have trained volunteers to&nbsp;help you. We offer: Emotional support.&nbsp;We listen and talk to you and we won&#8217;t tell anyone what you say to us.Practical help.&nbsp;We can help you with paperwork and forms and contacts.Information.&nbsp;We [&hellip;]\" \/>\n<meta property=\"og:url\" content=\"https:\/\/www.brottsofferjouren.se\/en\/victim-support\/stod-pa-eget-sprak-support-in-your-own-language\/\" \/>\n<meta property=\"og:site_name\" content=\"BOJ\" \/>\n<meta property=\"article:publisher\" content=\"https:\/\/www.facebook.com\/BrottsofferjourenSverige\/\" \/>\n<meta property=\"article:modified_time\" content=\"2022-04-21T11:32:08+00:00\" \/>\n<meta property=\"og:image\" content=\"https:\/\/www.brottsofferjouren.se\/wp-content\/uploads\/2021\/08\/vittnesstod-nya-bildbanken.png\" \/>\n<meta name=\"twitter:card\" content=\"summary_large_image\" \/>\n<meta name=\"twitter:site\" content=\"@brottsofferjour\" \/>\n<meta name=\"twitter:label1\" content=\"Est. reading time\" \/>\n\t<meta name=\"twitter:data1\" content=\"2 minutes\" \/>\n<script type=\"application\/ld+json\" class=\"yoast-schema-graph\">{\"@context\":\"https:\\\/\\\/schema.org\",\"@graph\":[{\"@type\":\"WebPage\",\"@id\":\"https:\\\/\\\/www.brottsofferjouren.se\\\/en\\\/victim-support\\\/stod-pa-eget-sprak-support-in-your-own-language\\\/\",\"url\":\"https:\\\/\\\/www.brottsofferjouren.se\\\/en\\\/victim-support\\\/stod-pa-eget-sprak-support-in-your-own-language\\\/\",\"name\":\"Support in your own language - BOJ\",\"isPartOf\":{\"@id\":\"https:\\\/\\\/www.brottsofferjouren.se\\\/#website\"},\"primaryImageOfPage\":{\"@id\":\"https:\\\/\\\/www.brottsofferjouren.se\\\/en\\\/victim-support\\\/stod-pa-eget-sprak-support-in-your-own-language\\\/#primaryimage\"},\"image\":{\"@id\":\"https:\\\/\\\/www.brottsofferjouren.se\\\/en\\\/victim-support\\\/stod-pa-eget-sprak-support-in-your-own-language\\\/#primaryimage\"},\"thumbnailUrl\":\"https:\\\/\\\/www.brottsofferjouren.se\\\/wp-content\\\/uploads\\\/2021\\\/08\\\/vittnesstod-nya-bildbanken.png\",\"datePublished\":\"2020-12-03T07:55:11+00:00\",\"dateModified\":\"2022-04-21T11:32:08+00:00\",\"breadcrumb\":{\"@id\":\"https:\\\/\\\/www.brottsofferjouren.se\\\/en\\\/victim-support\\\/stod-pa-eget-sprak-support-in-your-own-language\\\/#breadcrumb\"},\"inLanguage\":\"en-US\",\"potentialAction\":[{\"@type\":\"ReadAction\",\"target\":[\"https:\\\/\\\/www.brottsofferjouren.se\\\/en\\\/victim-support\\\/stod-pa-eget-sprak-support-in-your-own-language\\\/\"]}]},{\"@type\":\"ImageObject\",\"inLanguage\":\"en-US\",\"@id\":\"https:\\\/\\\/www.brottsofferjouren.se\\\/en\\\/victim-support\\\/stod-pa-eget-sprak-support-in-your-own-language\\\/#primaryimage\",\"url\":\"https:\\\/\\\/www.brottsofferjouren.se\\\/wp-content\\\/uploads\\\/2021\\\/08\\\/vittnesstod-nya-bildbanken.png\",\"contentUrl\":\"https:\\\/\\\/www.brottsofferjouren.se\\\/wp-content\\\/uploads\\\/2021\\\/08\\\/vittnesstod-nya-bildbanken.png\",\"width\":770,\"height\":520,\"caption\":\"St\u00f6d p\u00e5 eget spr\u00e5k f\u00f6r brottsoffer, vittnen och anh\u00f6riga\"},{\"@type\":\"BreadcrumbList\",\"@id\":\"https:\\\/\\\/www.brottsofferjouren.se\\\/en\\\/victim-support\\\/stod-pa-eget-sprak-support-in-your-own-language\\\/#breadcrumb\",\"itemListElement\":[{\"@type\":\"ListItem\",\"position\":1,\"name\":\"Hem\",\"item\":\"https:\\\/\\\/www.brottsofferjouren.se\\\/en\\\/\"},{\"@type\":\"ListItem\",\"position\":2,\"name\":\"Victim Support\",\"item\":\"https:\\\/\\\/www.brottsofferjouren.se\\\/en\\\/victim-support\\\/\"},{\"@type\":\"ListItem\",\"position\":3,\"name\":\"Support in your own language\"}]},{\"@type\":\"WebSite\",\"@id\":\"https:\\\/\\\/www.brottsofferjouren.se\\\/#website\",\"url\":\"https:\\\/\\\/www.brottsofferjouren.se\\\/\",\"name\":\"BOJ\",\"description\":\"St\u00f6d som ger kraft\",\"publisher\":{\"@id\":\"https:\\\/\\\/www.brottsofferjouren.se\\\/#organization\"},\"potentialAction\":[{\"@type\":\"SearchAction\",\"target\":{\"@type\":\"EntryPoint\",\"urlTemplate\":\"https:\\\/\\\/www.brottsofferjouren.se\\\/?s={search_term_string}\"},\"query-input\":{\"@type\":\"PropertyValueSpecification\",\"valueRequired\":true,\"valueName\":\"search_term_string\"}}],\"inLanguage\":\"en-US\"},{\"@type\":\"Organization\",\"@id\":\"https:\\\/\\\/www.brottsofferjouren.se\\\/#organization\",\"name\":\"Brottsofferjouren\",\"url\":\"https:\\\/\\\/www.brottsofferjouren.se\\\/\",\"logo\":{\"@type\":\"ImageObject\",\"inLanguage\":\"en-US\",\"@id\":\"https:\\\/\\\/www.brottsofferjouren.se\\\/#\\\/schema\\\/logo\\\/image\\\/\",\"url\":\"https:\\\/\\\/www.brottsofferjouren.se\\\/wp-content\\\/uploads\\\/2022\\\/06\\\/logo-mail.png\",\"contentUrl\":\"https:\\\/\\\/www.brottsofferjouren.se\\\/wp-content\\\/uploads\\\/2022\\\/06\\\/logo-mail.png\",\"width\":200,\"height\":150,\"caption\":\"Brottsofferjouren\"},\"image\":{\"@id\":\"https:\\\/\\\/www.brottsofferjouren.se\\\/#\\\/schema\\\/logo\\\/image\\\/\"},\"sameAs\":[\"https:\\\/\\\/www.facebook.com\\\/BrottsofferjourenSverige\\\/\",\"https:\\\/\\\/x.com\\\/brottsofferjour\",\"https:\\\/\\\/www.instagram.com\\\/brottsofferjourensverige\\\/\",\"https:\\\/\\\/www.linkedin.com\\\/company\\\/brottsofferjourernas-riksf-rbund\\\/?viewAsMember=true\"]}]}<\/script>\n<!-- \/ Yoast SEO plugin. -->","yoast_head_json":{"title":"Support in your own language - BOJ","robots":{"index":"index","follow":"follow","max-snippet":"max-snippet:-1","max-image-preview":"max-image-preview:large","max-video-preview":"max-video-preview:-1"},"canonical":"https:\/\/www.brottsofferjouren.se\/en\/victim-support\/stod-pa-eget-sprak-support-in-your-own-language\/","og_locale":"en_US","og_type":"article","og_title":"Support in your own language - BOJ","og_description":"If you&#8217;ve been a victim of a crime or have been affected by a crime committed against someone you know, we have trained volunteers to&nbsp;help you. We offer: Emotional support.&nbsp;We listen and talk to you and we won&#8217;t tell anyone what you say to us.Practical help.&nbsp;We can help you with paperwork and forms and contacts.Information.&nbsp;We [&hellip;]","og_url":"https:\/\/www.brottsofferjouren.se\/en\/victim-support\/stod-pa-eget-sprak-support-in-your-own-language\/","og_site_name":"BOJ","article_publisher":"https:\/\/www.facebook.com\/BrottsofferjourenSverige\/","article_modified_time":"2022-04-21T11:32:08+00:00","og_image":[{"url":"https:\/\/www.brottsofferjouren.se\/wp-content\/uploads\/2021\/08\/vittnesstod-nya-bildbanken.png","type":"","width":"","height":""}],"twitter_card":"summary_large_image","twitter_site":"@brottsofferjour","twitter_misc":{"Est. reading time":"2 minutes"},"schema":{"@context":"https:\/\/schema.org","@graph":[{"@type":"WebPage","@id":"https:\/\/www.brottsofferjouren.se\/en\/victim-support\/stod-pa-eget-sprak-support-in-your-own-language\/","url":"https:\/\/www.brottsofferjouren.se\/en\/victim-support\/stod-pa-eget-sprak-support-in-your-own-language\/","name":"Support in your own language - BOJ","isPartOf":{"@id":"https:\/\/www.brottsofferjouren.se\/#website"},"primaryImageOfPage":{"@id":"https:\/\/www.brottsofferjouren.se\/en\/victim-support\/stod-pa-eget-sprak-support-in-your-own-language\/#primaryimage"},"image":{"@id":"https:\/\/www.brottsofferjouren.se\/en\/victim-support\/stod-pa-eget-sprak-support-in-your-own-language\/#primaryimage"},"thumbnailUrl":"https:\/\/www.brottsofferjouren.se\/wp-content\/uploads\/2021\/08\/vittnesstod-nya-bildbanken.png","datePublished":"2020-12-03T07:55:11+00:00","dateModified":"2022-04-21T11:32:08+00:00","breadcrumb":{"@id":"https:\/\/www.brottsofferjouren.se\/en\/victim-support\/stod-pa-eget-sprak-support-in-your-own-language\/#breadcrumb"},"inLanguage":"en-US","potentialAction":[{"@type":"ReadAction","target":["https:\/\/www.brottsofferjouren.se\/en\/victim-support\/stod-pa-eget-sprak-support-in-your-own-language\/"]}]},{"@type":"ImageObject","inLanguage":"en-US","@id":"https:\/\/www.brottsofferjouren.se\/en\/victim-support\/stod-pa-eget-sprak-support-in-your-own-language\/#primaryimage","url":"https:\/\/www.brottsofferjouren.se\/wp-content\/uploads\/2021\/08\/vittnesstod-nya-bildbanken.png","contentUrl":"https:\/\/www.brottsofferjouren.se\/wp-content\/uploads\/2021\/08\/vittnesstod-nya-bildbanken.png","width":770,"height":520,"caption":"St\u00f6d p\u00e5 eget spr\u00e5k f\u00f6r brottsoffer, vittnen och anh\u00f6riga"},{"@type":"BreadcrumbList","@id":"https:\/\/www.brottsofferjouren.se\/en\/victim-support\/stod-pa-eget-sprak-support-in-your-own-language\/#breadcrumb","itemListElement":[{"@type":"ListItem","position":1,"name":"Hem","item":"https:\/\/www.brottsofferjouren.se\/en\/"},{"@type":"ListItem","position":2,"name":"Victim Support","item":"https:\/\/www.brottsofferjouren.se\/en\/victim-support\/"},{"@type":"ListItem","position":3,"name":"Support in your own language"}]},{"@type":"WebSite","@id":"https:\/\/www.brottsofferjouren.se\/#website","url":"https:\/\/www.brottsofferjouren.se\/","name":"BOJ","description":"St\u00f6d som ger kraft","publisher":{"@id":"https:\/\/www.brottsofferjouren.se\/#organization"},"potentialAction":[{"@type":"SearchAction","target":{"@type":"EntryPoint","urlTemplate":"https:\/\/www.brottsofferjouren.se\/?s={search_term_string}"},"query-input":{"@type":"PropertyValueSpecification","valueRequired":true,"valueName":"search_term_string"}}],"inLanguage":"en-US"},{"@type":"Organization","@id":"https:\/\/www.brottsofferjouren.se\/#organization","name":"Brottsofferjouren","url":"https:\/\/www.brottsofferjouren.se\/","logo":{"@type":"ImageObject","inLanguage":"en-US","@id":"https:\/\/www.brottsofferjouren.se\/#\/schema\/logo\/image\/","url":"https:\/\/www.brottsofferjouren.se\/wp-content\/uploads\/2022\/06\/logo-mail.png","contentUrl":"https:\/\/www.brottsofferjouren.se\/wp-content\/uploads\/2022\/06\/logo-mail.png","width":200,"height":150,"caption":"Brottsofferjouren"},"image":{"@id":"https:\/\/www.brottsofferjouren.se\/#\/schema\/logo\/image\/"},"sameAs":["https:\/\/www.facebook.com\/BrottsofferjourenSverige\/","https:\/\/x.com\/brottsofferjour","https:\/\/www.instagram.com\/brottsofferjourensverige\/","https:\/\/www.linkedin.com\/company\/brottsofferjourernas-riksf-rbund\/?viewAsMember=true"]}]}},"_links":{"self":[{"href":"https:\/\/www.brottsofferjouren.se\/en\/wp-json\/wp\/v2\/pages\/2316","targetHints":{"allow":["GET"]}}],"collection":[{"href":"https:\/\/www.brottsofferjouren.se\/en\/wp-json\/wp\/v2\/pages"}],"about":[{"href":"https:\/\/www.brottsofferjouren.se\/en\/wp-json\/wp\/v2\/types\/page"}],"author":[{"embeddable":true,"href":"https:\/\/www.brottsofferjouren.se\/en\/wp-json\/wp\/v2\/users\/4"}],"replies":[{"embeddable":true,"href":"https:\/\/www.brottsofferjouren.se\/en\/wp-json\/wp\/v2\/comments?post=2316"}],"version-history":[{"count":5,"href":"https:\/\/www.brottsofferjouren.se\/en\/wp-json\/wp\/v2\/pages\/2316\/revisions"}],"predecessor-version":[{"id":8127,"href":"https:\/\/www.brottsofferjouren.se\/en\/wp-json\/wp\/v2\/pages\/2316\/revisions\/8127"}],"up":[{"embeddable":true,"href":"https:\/\/www.brottsofferjouren.se\/en\/wp-json\/wp\/v2\/pages\/2836"}],"wp:featuredmedia":[{"embeddable":true,"href":"https:\/\/www.brottsofferjouren.se\/en\/wp-json\/wp\/v2\/media\/5606"}],"wp:attachment":[{"href":"https:\/\/www.brottsofferjouren.se\/en\/wp-json\/wp\/v2\/media?parent=2316"}],"curies":[{"name":"wp","href":"https:\/\/api.w.org\/{rel}","templated":true}]}}