{"id":12607,"date":"2023-12-13T13:36:43","date_gmt":"2023-12-13T12:36:43","guid":{"rendered":"https:\/\/www.brottsofferjouren.se\/om-oss\/contact-us\/victim-support-sweden\/"},"modified":"2023-12-13T13:36:43","modified_gmt":"2023-12-13T12:36:43","slug":"victim-support-sweden","status":"publish","type":"page","link":"https:\/\/www.brottsofferjouren.se\/en\/contact-us\/victim-support-sweden\/","title":{"rendered":"Victim Support Sweden"},"content":{"rendered":"<div class=\"icon-box top\">\n  <div class=\"icon-box-icon location\"><\/div>\n\n  <div class=\"icon-box-content\">\n    <h3>Adress:<\/h3>\n    <p>Brottsofferjourens f\u00f6rbundskansli<br \/>\nHammarby Fabriksv\u00e4g 25, plan 6<br \/>\n120 30 Stockholm<\/p>\n\n      <\/div>\n<\/div>\n\n\n\n<hr class=\"wp-block-separator\"\/>\n\n\n<div class=\"icon-box inline\">\n  <div class=\"icon-box-icon phone\"><\/div>\n\n  <div class=\"icon-box-content\">\n    <h3>Phone:<\/h3>\n    <p>08-644 88 00<\/p>\n\n      <\/div>\n<\/div>\n\n\n<div class=\"icon-box inline\">\n  <div class=\"icon-box-icon mail\"><\/div>\n\n  <div class=\"icon-box-content\">\n    <h3>E-mail:<\/h3>\n    <p>info@brottsofferjouren.se<\/p>\n\n      <\/div>\n<\/div>\n\n\n\n<p><\/p>\n\n\n\n<hr class=\"wp-block-separator\"\/>\n\n\n\n<p><\/p>\n\n\n\n<h2 class=\"wp-block-heading\">Staff<\/h2>\n\n\n\n<p><\/p>\n\n\n\n<h3 class=\"wp-block-heading\">Management<\/h3>\n\n\n<div class=\"contact-card\">\n  <\/div>\n\n\n\n<h3 class=\"wp-block-heading\">Operational Development<\/h3>\n\n\n<div class=\"contact-card\">\n  \n<div class=\"contact-card-partial\">\n  <img decoding=\"async\" src=\"https:\/\/www.brottsofferjouren.se\/wp-content\/uploads\/2025\/04\/ikon-personal-webben-150x150.png\">\n\n  <div>\n    <strong class=\"w-100 d-inline-block\">Sofia Barlind<\/strong>\n    Avdelningschef Kommunikation och Administration<br \/>\r\nOrganisationsutvecklare<br \/>\r\n08-550 486 02\n    \n    <a href=\"mailto:sofia.barlind@boj.se\" class=\"w-100 d-inline-block\">Kontakta via e-post<\/a>\n  <\/div>\n<\/div>\n<\/div>\n\n\n\n<h3 class=\"wp-block-heading\">Communication<\/h3>\n\n\n<div class=\"contact-card\">\n  \n<div class=\"contact-card-partial\">\n  <img decoding=\"async\" src=\"https:\/\/www.brottsofferjouren.se\/wp-content\/uploads\/2025\/01\/Liv-W-webbild-1-150x150.png\">\n\n  <div>\n    <strong class=\"w-100 d-inline-block\">Liv Wallinder<\/strong>\n    Kommunikat\u00f6r (F\u00f6r\u00e4ldraledig)<br \/>\r\n08-550 486 11\n    \n    <a href=\"mailto:liv.wallinder@boj.se\" class=\"w-100 d-inline-block\">Kontakta via e-post<\/a>\n  <\/div>\n<\/div>\n<\/div>\n\n\n\n<h3 class=\"wp-block-heading\">Project managers<\/h3>\n\n\n<div class=\"contact-card\">\n  \n<div class=\"contact-card-partial\">\n  <img decoding=\"async\" src=\"https:\/\/www.brottsofferjouren.se\/wp-content\/uploads\/2022\/09\/Markus-webb-1-150x150.png\">\n\n  <div>\n    <strong class=\"w-100 d-inline-block\">Markus Haile<\/strong>\n    Projektledare Utsatta omr\u00e5den, Trygg Trapp<br \/>\r\n08-550 486 15\n    \n    <a href=\"mailto:markus.haile@boj.se\" class=\"w-100 d-inline-block\">Kontakta via e-post<\/a>\n  <\/div>\n<\/div>\n<\/div>\n","protected":false},"excerpt":{"rendered":"<p>Staff Management Operational Development Communication Project managers<\/p>\n","protected":false},"author":9,"featured_media":0,"parent":2415,"menu_order":232,"comment_status":"closed","ping_status":"closed","template":"","meta":{"_acf_changed":false,"_relevanssi_hide_post":"","_relevanssi_hide_content":"","_relevanssi_pin_for_all":"","_relevanssi_pin_keywords":"","_relevanssi_unpin_keywords":"","_relevanssi_related_keywords":"","_relevanssi_related_include_ids":"","_relevanssi_related_exclude_ids":"","_relevanssi_related_no_append":"","_relevanssi_related_not_related":"","_relevanssi_related_posts":"79,66,70,60,58,109","_relevanssi_noindex_reason":"","footnotes":""},"class_list":["post-12607","page","type-page","status-publish","hentry"],"acf":[],"yoast_head":"<!-- This site is optimized with the Yoast SEO plugin v27.3 - https:\/\/yoast.com\/product\/yoast-seo-wordpress\/ -->\n<title>Victim Support Sweden - BOJ<\/title>\n<meta name=\"robots\" content=\"index, follow, max-snippet:-1, max-image-preview:large, max-video-preview:-1\" \/>\n<link rel=\"canonical\" href=\"https:\/\/www.brottsofferjouren.se\/en\/om-oss\/contact-us\/victim-support-sweden\/\" \/>\n<meta property=\"og:locale\" content=\"en_US\" \/>\n<meta property=\"og:type\" content=\"article\" \/>\n<meta property=\"og:title\" content=\"Victim Support Sweden - BOJ\" \/>\n<meta property=\"og:description\" content=\"Staff Management Operational Development Communication Project managers\" \/>\n<meta property=\"og:url\" content=\"https:\/\/www.brottsofferjouren.se\/en\/om-oss\/contact-us\/victim-support-sweden\/\" \/>\n<meta property=\"og:site_name\" content=\"BOJ\" \/>\n<meta property=\"article:publisher\" content=\"https:\/\/www.facebook.com\/BrottsofferjourenSverige\/\" \/>\n<meta property=\"og:image\" content=\"https:\/\/www.brottsofferjouren.se\/wp-content\/uploads\/2022\/06\/logo-mail.png\" \/>\n\t<meta property=\"og:image:width\" content=\"200\" \/>\n\t<meta property=\"og:image:height\" content=\"150\" \/>\n\t<meta property=\"og:image:type\" content=\"image\/png\" \/>\n<meta name=\"twitter:card\" content=\"summary_large_image\" \/>\n<meta name=\"twitter:site\" content=\"@brottsofferjour\" \/>\n<meta name=\"twitter:label1\" content=\"Est. reading time\" \/>\n\t<meta name=\"twitter:data1\" content=\"1 minute\" \/>\n<script type=\"application\/ld+json\" class=\"yoast-schema-graph\">{\"@context\":\"https:\\\/\\\/schema.org\",\"@graph\":[{\"@type\":\"WebPage\",\"@id\":\"https:\\\/\\\/www.brottsofferjouren.se\\\/en\\\/om-oss\\\/contact-us\\\/victim-support-sweden\\\/\",\"url\":\"https:\\\/\\\/www.brottsofferjouren.se\\\/en\\\/om-oss\\\/contact-us\\\/victim-support-sweden\\\/\",\"name\":\"Victim Support Sweden - BOJ\",\"isPartOf\":{\"@id\":\"https:\\\/\\\/www.brottsofferjouren.se\\\/#website\"},\"datePublished\":\"2023-12-13T12:36:43+00:00\",\"breadcrumb\":{\"@id\":\"https:\\\/\\\/www.brottsofferjouren.se\\\/en\\\/om-oss\\\/contact-us\\\/victim-support-sweden\\\/#breadcrumb\"},\"inLanguage\":\"en-US\",\"potentialAction\":[{\"@type\":\"ReadAction\",\"target\":[\"https:\\\/\\\/www.brottsofferjouren.se\\\/en\\\/om-oss\\\/contact-us\\\/victim-support-sweden\\\/\"]}]},{\"@type\":\"BreadcrumbList\",\"@id\":\"https:\\\/\\\/www.brottsofferjouren.se\\\/en\\\/om-oss\\\/contact-us\\\/victim-support-sweden\\\/#breadcrumb\",\"itemListElement\":[{\"@type\":\"ListItem\",\"position\":1,\"name\":\"Hem\",\"item\":\"https:\\\/\\\/www.brottsofferjouren.se\\\/en\\\/\"},{\"@type\":\"ListItem\",\"position\":2,\"name\":\"About us\",\"item\":\"https:\\\/\\\/www.brottsofferjouren.se\\\/en\\\/om-oss\\\/\"},{\"@type\":\"ListItem\",\"position\":3,\"name\":\"Contact us\",\"item\":\"https:\\\/\\\/www.brottsofferjouren.se\\\/en\\\/om-oss\\\/contact-us\\\/\"},{\"@type\":\"ListItem\",\"position\":4,\"name\":\"Victim Support Sweden\"}]},{\"@type\":\"WebSite\",\"@id\":\"https:\\\/\\\/www.brottsofferjouren.se\\\/#website\",\"url\":\"https:\\\/\\\/www.brottsofferjouren.se\\\/\",\"name\":\"BOJ\",\"description\":\"St\u00f6d som ger kraft\",\"publisher\":{\"@id\":\"https:\\\/\\\/www.brottsofferjouren.se\\\/#organization\"},\"potentialAction\":[{\"@type\":\"SearchAction\",\"target\":{\"@type\":\"EntryPoint\",\"urlTemplate\":\"https:\\\/\\\/www.brottsofferjouren.se\\\/?s={search_term_string}\"},\"query-input\":{\"@type\":\"PropertyValueSpecification\",\"valueRequired\":true,\"valueName\":\"search_term_string\"}}],\"inLanguage\":\"en-US\"},{\"@type\":\"Organization\",\"@id\":\"https:\\\/\\\/www.brottsofferjouren.se\\\/#organization\",\"name\":\"Brottsofferjouren\",\"url\":\"https:\\\/\\\/www.brottsofferjouren.se\\\/\",\"logo\":{\"@type\":\"ImageObject\",\"inLanguage\":\"en-US\",\"@id\":\"https:\\\/\\\/www.brottsofferjouren.se\\\/#\\\/schema\\\/logo\\\/image\\\/\",\"url\":\"https:\\\/\\\/www.brottsofferjouren.se\\\/wp-content\\\/uploads\\\/2022\\\/06\\\/logo-mail.png\",\"contentUrl\":\"https:\\\/\\\/www.brottsofferjouren.se\\\/wp-content\\\/uploads\\\/2022\\\/06\\\/logo-mail.png\",\"width\":200,\"height\":150,\"caption\":\"Brottsofferjouren\"},\"image\":{\"@id\":\"https:\\\/\\\/www.brottsofferjouren.se\\\/#\\\/schema\\\/logo\\\/image\\\/\"},\"sameAs\":[\"https:\\\/\\\/www.facebook.com\\\/BrottsofferjourenSverige\\\/\",\"https:\\\/\\\/x.com\\\/brottsofferjour\",\"https:\\\/\\\/www.instagram.com\\\/brottsofferjourensverige\\\/\",\"https:\\\/\\\/www.linkedin.com\\\/company\\\/brottsofferjourernas-riksf-rbund\\\/?viewAsMember=true\"]}]}<\/script>\n<!-- \/ Yoast SEO plugin. -->","yoast_head_json":{"title":"Victim Support Sweden - BOJ","robots":{"index":"index","follow":"follow","max-snippet":"max-snippet:-1","max-image-preview":"max-image-preview:large","max-video-preview":"max-video-preview:-1"},"canonical":"https:\/\/www.brottsofferjouren.se\/en\/om-oss\/contact-us\/victim-support-sweden\/","og_locale":"en_US","og_type":"article","og_title":"Victim Support Sweden - BOJ","og_description":"Staff Management Operational Development Communication Project managers","og_url":"https:\/\/www.brottsofferjouren.se\/en\/om-oss\/contact-us\/victim-support-sweden\/","og_site_name":"BOJ","article_publisher":"https:\/\/www.facebook.com\/BrottsofferjourenSverige\/","og_image":[{"width":200,"height":150,"url":"https:\/\/www.brottsofferjouren.se\/wp-content\/uploads\/2022\/06\/logo-mail.png","type":"image\/png"}],"twitter_card":"summary_large_image","twitter_site":"@brottsofferjour","twitter_misc":{"Est. reading time":"1 minute"},"schema":{"@context":"https:\/\/schema.org","@graph":[{"@type":"WebPage","@id":"https:\/\/www.brottsofferjouren.se\/en\/om-oss\/contact-us\/victim-support-sweden\/","url":"https:\/\/www.brottsofferjouren.se\/en\/om-oss\/contact-us\/victim-support-sweden\/","name":"Victim Support Sweden - BOJ","isPartOf":{"@id":"https:\/\/www.brottsofferjouren.se\/#website"},"datePublished":"2023-12-13T12:36:43+00:00","breadcrumb":{"@id":"https:\/\/www.brottsofferjouren.se\/en\/om-oss\/contact-us\/victim-support-sweden\/#breadcrumb"},"inLanguage":"en-US","potentialAction":[{"@type":"ReadAction","target":["https:\/\/www.brottsofferjouren.se\/en\/om-oss\/contact-us\/victim-support-sweden\/"]}]},{"@type":"BreadcrumbList","@id":"https:\/\/www.brottsofferjouren.se\/en\/om-oss\/contact-us\/victim-support-sweden\/#breadcrumb","itemListElement":[{"@type":"ListItem","position":1,"name":"Hem","item":"https:\/\/www.brottsofferjouren.se\/en\/"},{"@type":"ListItem","position":2,"name":"About us","item":"https:\/\/www.brottsofferjouren.se\/en\/om-oss\/"},{"@type":"ListItem","position":3,"name":"Contact us","item":"https:\/\/www.brottsofferjouren.se\/en\/om-oss\/contact-us\/"},{"@type":"ListItem","position":4,"name":"Victim Support Sweden"}]},{"@type":"WebSite","@id":"https:\/\/www.brottsofferjouren.se\/#website","url":"https:\/\/www.brottsofferjouren.se\/","name":"BOJ","description":"St\u00f6d som ger kraft","publisher":{"@id":"https:\/\/www.brottsofferjouren.se\/#organization"},"potentialAction":[{"@type":"SearchAction","target":{"@type":"EntryPoint","urlTemplate":"https:\/\/www.brottsofferjouren.se\/?s={search_term_string}"},"query-input":{"@type":"PropertyValueSpecification","valueRequired":true,"valueName":"search_term_string"}}],"inLanguage":"en-US"},{"@type":"Organization","@id":"https:\/\/www.brottsofferjouren.se\/#organization","name":"Brottsofferjouren","url":"https:\/\/www.brottsofferjouren.se\/","logo":{"@type":"ImageObject","inLanguage":"en-US","@id":"https:\/\/www.brottsofferjouren.se\/#\/schema\/logo\/image\/","url":"https:\/\/www.brottsofferjouren.se\/wp-content\/uploads\/2022\/06\/logo-mail.png","contentUrl":"https:\/\/www.brottsofferjouren.se\/wp-content\/uploads\/2022\/06\/logo-mail.png","width":200,"height":150,"caption":"Brottsofferjouren"},"image":{"@id":"https:\/\/www.brottsofferjouren.se\/#\/schema\/logo\/image\/"},"sameAs":["https:\/\/www.facebook.com\/BrottsofferjourenSverige\/","https:\/\/x.com\/brottsofferjour","https:\/\/www.instagram.com\/brottsofferjourensverige\/","https:\/\/www.linkedin.com\/company\/brottsofferjourernas-riksf-rbund\/?viewAsMember=true"]}]}},"_links":{"self":[{"href":"https:\/\/www.brottsofferjouren.se\/en\/wp-json\/wp\/v2\/pages\/12607","targetHints":{"allow":["GET"]}}],"collection":[{"href":"https:\/\/www.brottsofferjouren.se\/en\/wp-json\/wp\/v2\/pages"}],"about":[{"href":"https:\/\/www.brottsofferjouren.se\/en\/wp-json\/wp\/v2\/types\/page"}],"author":[{"embeddable":true,"href":"https:\/\/www.brottsofferjouren.se\/en\/wp-json\/wp\/v2\/users\/9"}],"replies":[{"embeddable":true,"href":"https:\/\/www.brottsofferjouren.se\/en\/wp-json\/wp\/v2\/comments?post=12607"}],"version-history":[{"count":0,"href":"https:\/\/www.brottsofferjouren.se\/en\/wp-json\/wp\/v2\/pages\/12607\/revisions"}],"up":[{"embeddable":true,"href":"https:\/\/www.brottsofferjouren.se\/en\/wp-json\/wp\/v2\/pages\/2415"}],"wp:attachment":[{"href":"https:\/\/www.brottsofferjouren.se\/en\/wp-json\/wp\/v2\/media?parent=12607"}],"curies":[{"name":"wp","href":"https:\/\/api.w.org\/{rel}","templated":true}]}}